{"id":11549,"date":"2021-03-02T14:56:09","date_gmt":"2021-03-02T13:56:09","guid":{"rendered":"http:\/\/nova21.szerokopasmowi.home.pl\/kontakt\/"},"modified":"2022-05-10T12:28:12","modified_gmt":"2022-05-10T10:28:12","slug":"kontakt","status":"publish","type":"page","link":"https:\/\/www.fca.com.pl\/en\/kontakt\/","title":{"rendered":"Contact"},"content":{"rendered":"\t\t<div data-elementor-type=\"wp-page\" data-elementor-id=\"11549\" class=\"elementor elementor-11549 elementor-308\" data-elementor-post-type=\"page\">\n\t\t\t\t\t\t<section class=\"elementor-section elementor-top-section elementor-element elementor-element-00c70aa elementor-section-boxed elementor-section-height-default elementor-section-height-default\" data-id=\"00c70aa\" data-element_type=\"section\">\n\t\t\t\t\t\t<div class=\"elementor-container elementor-column-gap-default\">\n\t\t\t\t\t<div class=\"elementor-column elementor-col-100 elementor-top-column elementor-element elementor-element-39db843\" data-id=\"39db843\" data-element_type=\"column\">\n\t\t\t<div class=\"elementor-widget-wrap elementor-element-populated\">\n\t\t\t\t\t\t<div class=\"elementor-element elementor-element-9441a15 elementor-widget elementor-widget-text-editor\" data-id=\"9441a15\" data-element_type=\"widget\" data-widget_type=\"text-editor.default\">\n\t\t\t\t<div class=\"elementor-widget-container\">\n\t\t\t\t\t\t\t<div class=\"elementor-text-editor elementor-clearfix\"><h2 style=\"text-align: center;\">Contact<\/h2><p style=\"text-align: center;\">Do you need technical advice? Or maybe you want to start cooperation with us? Do not wait! <br \/>Tell us now how we can develop your business.<\/p><div>\u00a0<\/div>\n<div class=\"wpcf7 no-js\" id=\"wpcf7-f15156-o1\" lang=\"pl-PL\" dir=\"ltr\" data-wpcf7-id=\"15156\">\n<div class=\"screen-reader-response\"><p role=\"status\" aria-live=\"polite\" aria-atomic=\"true\"><\/p> <ul><\/ul><\/div>\n<form action=\"\/en\/wp-json\/wp\/v2\/pages\/11549#wpcf7-f15156-o1\" method=\"post\" class=\"wpcf7-form init\" aria-label=\"Formularz kontaktowy\" novalidate=\"novalidate\" data-status=\"init\">\n<fieldset class=\"hidden-fields-container\"><input type=\"hidden\" name=\"_wpcf7\" value=\"15156\" \/><input type=\"hidden\" name=\"_wpcf7_version\" value=\"6.1.4\" \/><input type=\"hidden\" name=\"_wpcf7_locale\" value=\"pl_PL\" \/><input type=\"hidden\" name=\"_wpcf7_unit_tag\" value=\"wpcf7-f15156-o1\" \/><input type=\"hidden\" name=\"_wpcf7_container_post\" value=\"0\" \/><input type=\"hidden\" name=\"_wpcf7_posted_data_hash\" value=\"\" \/><input type=\"hidden\" name=\"_wpcf7_recaptcha_response\" value=\"\" \/>\n<\/fieldset>\n<div class=\"cols-3\">\n\t<div class=\"col\">\n\t\t<p><span class=\"wpcf7-form-control-wrap\" data-name=\"imie-nazwisko\"><input size=\"40\" maxlength=\"400\" class=\"wpcf7-form-control wpcf7-text wpcf7-validates-as-required\" aria-required=\"true\" aria-invalid=\"false\" placeholder=\"Name\" value=\"\" type=\"text\" name=\"imie-nazwisko\" \/><\/span>\n\t\t<\/p>\n\t<\/div>\n\t<div class=\"col\">\n\t\t<p><span class=\"wpcf7-form-control-wrap\" data-name=\"email\"><input size=\"40\" maxlength=\"400\" class=\"wpcf7-form-control wpcf7-email wpcf7-validates-as-required wpcf7-text wpcf7-validates-as-email\" aria-required=\"true\" aria-invalid=\"false\" placeholder=\"E-mail adress\" value=\"\" type=\"email\" name=\"email\" \/><\/span>\n\t\t<\/p>\n\t<\/div>\n\t<div class=\"col\">\n\t\t<p><span class=\"wpcf7-form-control-wrap\" data-name=\"wybierz-temat\"><select class=\"wpcf7-form-control wpcf7-select wpcf7-validates-as-required\" aria-required=\"true\" aria-invalid=\"false\" name=\"wybierz-temat\"><option value=\"\">Choose a topic<\/option><option value=\"Products and Services\">Products and Services<\/option><option value=\"Marketing\">Marketing<\/option><option value=\"Purchasing and Logistics\">Purchasing and Logistics<\/option><option value=\"Cooperation\">Cooperation<\/option><option value=\"Others\">Others<\/option><\/select><\/span>\n\t\t<\/p>\n\t<\/div>\n\t<div class=\"col-3\">\n\t\t<p><span class=\"wpcf7-form-control-wrap\" data-name=\"wiadomosc\"><textarea cols=\"40\" rows=\"10\" maxlength=\"2000\" class=\"wpcf7-form-control wpcf7-textarea wpcf7-validates-as-required\" aria-required=\"true\" aria-invalid=\"false\" placeholder=\"Message\" name=\"wiadomosc\"><\/textarea><\/span>\n\t\t<\/p>\n\t<\/div>\n\t<div class=\"col-3\">\n\t\t<p>Information on the processing of your personal data can be found in the privacy policy <a href=\"https:\/\/www.fca.com.pl\/en\/privacy-policy\/\" target=\"_blank\">Privacy Policy<\/a>\n\t\t<\/p>\n\t<\/div>\n\t<div class=\"col-3\">\n\t\t<p><input class=\"wpcf7-form-control wpcf7-submit has-spinner\" type=\"submit\" value=\"Send\" \/>\n\t\t<\/p>\n\t<\/div>\n<\/div><div class=\"wpcf7-response-output\" aria-hidden=\"true\"><\/div>\n<\/form>\n<\/div>\n<\/div>\t\t\t\t\t\t<\/div>\n\t\t\t\t<\/div>\n\t\t\t\t\t<\/div>\n\t\t<\/div>\n\t\t\t\t\t<\/div>\n\t\t<\/section>\n\t\t\t\t<section class=\"elementor-section elementor-top-section elementor-element elementor-element-43b9506 elementor-section-boxed elementor-section-height-default elementor-section-height-default\" data-id=\"43b9506\" data-element_type=\"section\">\n\t\t\t\t\t\t<div class=\"elementor-container elementor-column-gap-default\">\n\t\t\t\t\t<div class=\"elementor-column elementor-col-100 elementor-top-column elementor-element elementor-element-9d94f87\" data-id=\"9d94f87\" data-element_type=\"column\">\n\t\t\t<div class=\"elementor-widget-wrap elementor-element-populated\">\n\t\t\t\t\t\t<div class=\"elementor-element elementor-element-c1d1203 elementor-widget elementor-widget-mapa-google\" data-id=\"c1d1203\" data-element_type=\"widget\" data-widget_type=\"mapa-google.default\">\n\t\t\t\t<div class=\"elementor-widget-container\">\n\t\t\t<section class=\"section map-google\">\n    <div class=\"map-google-in\">\n\t    <img fetchpriority=\"high\" decoding=\"async\" width=\"1805\" height=\"706\" src=\"https:\/\/www.fca.com.pl\/wp-content\/uploads\/fca-mapa.jpg\" class=\"map-image\" alt=\"\" srcset=\"https:\/\/www.fca.com.pl\/wp-content\/uploads\/fca-mapa.jpg 1805w, https:\/\/www.fca.com.pl\/wp-content\/uploads\/fca-mapa-1280x501.jpg 1280w, https:\/\/www.fca.com.pl\/wp-content\/uploads\/fca-mapa-768x300.jpg 768w, https:\/\/www.fca.com.pl\/wp-content\/uploads\/fca-mapa-1536x601.jpg 1536w\" sizes=\"(max-width: 1805px) 100vw, 1805px\" \/>\t                <div class=\"container\">\n                <div class=\"map-google-link\">\n\t\t\t\t                            <div class=\"text-in\">\n\t\t\t\t\t\t    How to get there?                        <\/div>\n\t\t\t\t\t    \t\t\t\t                            <a href=\"https:\/\/maps.google.com\/maps?ll=50.033217,20.191648&z=15&t=m&hl=pl&gl=US&mapclient=embed&cid=9350430542585097438\" class=\"button button-text-img button-type-5\"  target=\"_blank\" rel=\"nofollow\">\n\t                                                        <span>Google Maps<\/span>\n\t\t                                                    <img decoding=\"async\" src=\"https:\/\/www.fca.com.pl\/wp-content\/themes\/fca\/img\/arrow-right-white.svg\" alt=\"\">\n                        <\/a>\n\t\t\t\t\t                    <\/div>\n\t\t\t                        <div class=\"map-google-content\">\n\t\t\t\t\t    <h4>Headquarters:<\/h4>\n<p>FCA S.A.<\/p>\n<p>11 Grabska St.<\/p>\n<p>32-005 Niepo\u0142omice<\/p>\n<p>tel. <a href=\"tel:+48122949800\">+48 12 294 98 00<\/a><\/p>\n<p>fax. +48 12 294 98 99<\/p>\n<p><a href=\"mailto:fca@fca.com.pl\">fca@fca.com.pl<\/a><\/p>\n<p>GPS coordinates<\/p>\n<p>50\u00b002\u201909.31\u201d N<\/p>\n<p>20\u00b011\u201901.69\u201d E<\/p>\n                    <\/div>\n\t\t\t\t                <\/div>\n\t\t        <\/div>\n<\/section>\n\t\t<\/div>\n\t\t\t\t<\/div>\n\t\t\t\t\t<\/div>\n\t\t<\/div>\n\t\t\t\t\t<\/div>\n\t\t<\/section>\n\t\t\t\t<section class=\"elementor-section elementor-top-section elementor-element elementor-element-fd2f694 elementor-section-boxed elementor-section-height-default elementor-section-height-default\" data-id=\"fd2f694\" data-element_type=\"section\">\n\t\t\t\t\t\t<div class=\"elementor-container elementor-column-gap-default\">\n\t\t\t\t\t<div class=\"elementor-column elementor-col-100 elementor-top-column elementor-element elementor-element-86deda6\" data-id=\"86deda6\" data-element_type=\"column\">\n\t\t\t<div class=\"elementor-widget-wrap elementor-element-populated\">\n\t\t\t\t\t\t<div class=\"elementor-element elementor-element-4f726e6 elementor-widget elementor-widget-m2d\" data-id=\"4f726e6\" data-element_type=\"widget\" data-widget_type=\"m2d.default\">\n\t\t\t\t<div class=\"elementor-widget-container\">\n\t\t\t<section class=\"section section-m-2-d\">\n\t<div class=\"container\">\n\t\t<div class=\"m-2-d-top-container\">\n\t\t\t\t\t\t                <span class=\"h2-text\">Company data<\/span>\n\t\t\t\t\t\t\t\t\t\t\n\t\t<\/div>\n\t\t\n\t<\/div>\n<\/section>\n\t\t<\/div>\n\t\t\t\t<\/div>\n\t\t\t\t\t<\/div>\n\t\t<\/div>\n\t\t\t\t\t<\/div>\n\t\t<\/section>\n\t\t\t\t<section class=\"elementor-section elementor-top-section elementor-element elementor-element-f572fa1 elementor-section-boxed elementor-section-height-default elementor-section-height-default\" data-id=\"f572fa1\" data-element_type=\"section\">\n\t\t\t\t\t\t<div class=\"elementor-container elementor-column-gap-default\">\n\t\t\t\t\t<div class=\"elementor-column elementor-col-100 elementor-top-column elementor-element elementor-element-5ddba5e\" data-id=\"5ddba5e\" data-element_type=\"column\">\n\t\t\t<div class=\"elementor-widget-wrap elementor-element-populated\">\n\t\t\t\t\t\t<div class=\"elementor-element elementor-element-560c008 elementor-widget elementor-widget-firm-data\" data-id=\"560c008\" data-element_type=\"widget\" data-widget_type=\"firm-data.default\">\n\t\t\t\t<div class=\"elementor-widget-container\">\n\t\t\t    <section class=\"firm-data\">\n        <div class=\"container\">\n\t\t\t\t\t\t                <div class=\"blocks\">\n\t\t\t\t\t                        <div class=\"block body-medium-text\">\n\t\t\t\t\t\t\t<h6>BNP Paribas Bank Polska S.A.<br \/>PLN: 65 1600 1462 1083 1077 8000 0021<br \/>EUR: 67 1750 1048 0000 0000 1173 7722<\/h6>\n                        <\/div>\n\t\t\t\t\t\t                        <div class=\"block body-medium-text\">\n\t\t\t\t\t\t\t<h6>District Court for Krak\u00f3w \u015ar\u00f3dmie\u015bcie<\/h6>\n<h6>XII Commercial Division of the National Court Register<\/h6>\n<h6>Share capital: PLN 183,000<\/h6>\n                        <\/div>\n\t\t\t\t\t\t                        <div class=\"block body-medium-text\">\n\t\t\t\t\t\t\t<h6>NIP: 675 11 52 541<br \/>KRS: 0000966527<br \/>REGON: 351324328.<\/h6>\n                        <\/div>\n\t\t\t\t\t\t                <\/div>\n\t\t\t\t\n        <\/div>\n    <\/section>\n\t\t\t<\/div>\n\t\t\t\t<\/div>\n\t\t\t\t\t<\/div>\n\t\t<\/div>\n\t\t\t\t\t<\/div>\n\t\t<\/section>\n\t\t\t\t<\/div>\n\t\t","protected":false},"excerpt":{"rendered":"<p>Contact Do you need technical advice? Or maybe you want to start cooperation with us? Do not wait! Tell us now how we can develop your business. \u00a0 How to get there? Google Maps Headquarters: FCA S.A. 11 Grabska St. 32-005 Niepo\u0142omice tel. +48 12 294 98 00 fax. +48 12 294 98 99 fca@fca.com.pl [&hellip;]<\/p>\n","protected":false},"author":4,"featured_media":0,"parent":0,"menu_order":0,"comment_status":"closed","ping_status":"closed","template":"","meta":{"footnotes":""},"class_list":["post-11549","page","type-page","status-publish","hentry"],"acf":[],"yoast_head":"<!-- This site is optimized with the Yoast SEO plugin v23.9 - https:\/\/yoast.com\/wordpress\/plugins\/seo\/ -->\n<title>Contact - FCA<\/title>\n<meta name=\"robots\" content=\"index, follow, max-snippet:-1, max-image-preview:large, max-video-preview:-1\" \/>\n<link rel=\"canonical\" href=\"https:\/\/www.fca.com.pl\/en\/kontakt\/\" \/>\n<meta property=\"og:locale\" content=\"en_US\" \/>\n<meta property=\"og:type\" content=\"article\" \/>\n<meta property=\"og:title\" content=\"Contact - FCA\" \/>\n<meta property=\"og:description\" content=\"Contact Do you need technical advice? Or maybe you want to start cooperation with us? Do not wait! Tell us now how we can develop your business. \u00a0 How to get there? Google Maps Headquarters: FCA S.A. 11 Grabska St. 32-005 Niepo\u0142omice tel. +48 12 294 98 00 fax. +48 12 294 98 99 fca@fca.com.pl [&hellip;]\" \/>\n<meta property=\"og:url\" content=\"https:\/\/www.fca.com.pl\/en\/kontakt\/\" \/>\n<meta property=\"og:site_name\" content=\"FCA\" \/>\n<meta property=\"article:publisher\" content=\"https:\/\/pl-pl.facebook.com\/OPTYKNABIZNES\/\" \/>\n<meta property=\"article:modified_time\" content=\"2022-05-10T10:28:12+00:00\" \/>\n<meta property=\"og:image\" content=\"https:\/\/www.fca.com.pl\/wp-content\/uploads\/fca-mapa.jpg\" \/>\n<meta name=\"twitter:card\" content=\"summary_large_image\" \/>\n<meta name=\"twitter:label1\" content=\"Est. reading time\" \/>\n\t<meta name=\"twitter:data1\" content=\"2 minutes\" \/>\n<script type=\"application\/ld+json\" class=\"yoast-schema-graph\">{\"@context\":\"https:\/\/schema.org\",\"@graph\":[{\"@type\":\"WebPage\",\"@id\":\"https:\/\/www.fca.com.pl\/en\/kontakt\/\",\"url\":\"https:\/\/www.fca.com.pl\/en\/kontakt\/\",\"name\":\"Contact - FCA\",\"isPartOf\":{\"@id\":\"https:\/\/www.fca.com.pl\/#website\"},\"primaryImageOfPage\":{\"@id\":\"https:\/\/www.fca.com.pl\/en\/kontakt\/#primaryimage\"},\"image\":{\"@id\":\"https:\/\/www.fca.com.pl\/en\/kontakt\/#primaryimage\"},\"thumbnailUrl\":\"https:\/\/www.fca.com.pl\/wp-content\/uploads\/fca-mapa.jpg\",\"datePublished\":\"2021-03-02T13:56:09+00:00\",\"dateModified\":\"2022-05-10T10:28:12+00:00\",\"breadcrumb\":{\"@id\":\"https:\/\/www.fca.com.pl\/en\/kontakt\/#breadcrumb\"},\"inLanguage\":\"en-US\",\"potentialAction\":[{\"@type\":\"ReadAction\",\"target\":[\"https:\/\/www.fca.com.pl\/en\/kontakt\/\"]}]},{\"@type\":\"ImageObject\",\"inLanguage\":\"en-US\",\"@id\":\"https:\/\/www.fca.com.pl\/en\/kontakt\/#primaryimage\",\"url\":\"https:\/\/www.fca.com.pl\/wp-content\/uploads\/fca-mapa.jpg\",\"contentUrl\":\"https:\/\/www.fca.com.pl\/wp-content\/uploads\/fca-mapa.jpg\"},{\"@type\":\"BreadcrumbList\",\"@id\":\"https:\/\/www.fca.com.pl\/en\/kontakt\/#breadcrumb\",\"itemListElement\":[{\"@type\":\"ListItem\",\"position\":1,\"name\":\"Strona g\u0142\u00f3wna\",\"item\":\"https:\/\/www.fca.com.pl\/en\/\"},{\"@type\":\"ListItem\",\"position\":2,\"name\":\"Contact\"}]},{\"@type\":\"WebSite\",\"@id\":\"https:\/\/www.fca.com.pl\/#website\",\"url\":\"https:\/\/www.fca.com.pl\/\",\"name\":\"FCA\",\"description\":\"Kolejna witryna oparta na WordPressie\",\"potentialAction\":[{\"@type\":\"SearchAction\",\"target\":{\"@type\":\"EntryPoint\",\"urlTemplate\":\"https:\/\/www.fca.com.pl\/?s={search_term_string}\"},\"query-input\":{\"@type\":\"PropertyValueSpecification\",\"valueRequired\":true,\"valueName\":\"search_term_string\"}}],\"inLanguage\":\"en-US\"}]}<\/script>\n<!-- \/ Yoast SEO plugin. -->","yoast_head_json":{"title":"Contact - FCA","robots":{"index":"index","follow":"follow","max-snippet":"max-snippet:-1","max-image-preview":"max-image-preview:large","max-video-preview":"max-video-preview:-1"},"canonical":"https:\/\/www.fca.com.pl\/en\/kontakt\/","og_locale":"en_US","og_type":"article","og_title":"Contact - FCA","og_description":"Contact Do you need technical advice? Or maybe you want to start cooperation with us? Do not wait! Tell us now how we can develop your business. \u00a0 How to get there? Google Maps Headquarters: FCA S.A. 11 Grabska St. 32-005 Niepo\u0142omice tel. +48 12 294 98 00 fax. +48 12 294 98 99 fca@fca.com.pl [&hellip;]","og_url":"https:\/\/www.fca.com.pl\/en\/kontakt\/","og_site_name":"FCA","article_publisher":"https:\/\/pl-pl.facebook.com\/OPTYKNABIZNES\/","article_modified_time":"2022-05-10T10:28:12+00:00","og_image":[{"url":"https:\/\/www.fca.com.pl\/wp-content\/uploads\/fca-mapa.jpg"}],"twitter_card":"summary_large_image","twitter_misc":{"Est. reading time":"2 minutes"},"schema":{"@context":"https:\/\/schema.org","@graph":[{"@type":"WebPage","@id":"https:\/\/www.fca.com.pl\/en\/kontakt\/","url":"https:\/\/www.fca.com.pl\/en\/kontakt\/","name":"Contact - FCA","isPartOf":{"@id":"https:\/\/www.fca.com.pl\/#website"},"primaryImageOfPage":{"@id":"https:\/\/www.fca.com.pl\/en\/kontakt\/#primaryimage"},"image":{"@id":"https:\/\/www.fca.com.pl\/en\/kontakt\/#primaryimage"},"thumbnailUrl":"https:\/\/www.fca.com.pl\/wp-content\/uploads\/fca-mapa.jpg","datePublished":"2021-03-02T13:56:09+00:00","dateModified":"2022-05-10T10:28:12+00:00","breadcrumb":{"@id":"https:\/\/www.fca.com.pl\/en\/kontakt\/#breadcrumb"},"inLanguage":"en-US","potentialAction":[{"@type":"ReadAction","target":["https:\/\/www.fca.com.pl\/en\/kontakt\/"]}]},{"@type":"ImageObject","inLanguage":"en-US","@id":"https:\/\/www.fca.com.pl\/en\/kontakt\/#primaryimage","url":"https:\/\/www.fca.com.pl\/wp-content\/uploads\/fca-mapa.jpg","contentUrl":"https:\/\/www.fca.com.pl\/wp-content\/uploads\/fca-mapa.jpg"},{"@type":"BreadcrumbList","@id":"https:\/\/www.fca.com.pl\/en\/kontakt\/#breadcrumb","itemListElement":[{"@type":"ListItem","position":1,"name":"Strona g\u0142\u00f3wna","item":"https:\/\/www.fca.com.pl\/en\/"},{"@type":"ListItem","position":2,"name":"Contact"}]},{"@type":"WebSite","@id":"https:\/\/www.fca.com.pl\/#website","url":"https:\/\/www.fca.com.pl\/","name":"FCA","description":"Kolejna witryna oparta na WordPressie","potentialAction":[{"@type":"SearchAction","target":{"@type":"EntryPoint","urlTemplate":"https:\/\/www.fca.com.pl\/?s={search_term_string}"},"query-input":{"@type":"PropertyValueSpecification","valueRequired":true,"valueName":"search_term_string"}}],"inLanguage":"en-US"}]}},"_links":{"self":[{"href":"https:\/\/www.fca.com.pl\/en\/wp-json\/wp\/v2\/pages\/11549","targetHints":{"allow":["GET"]}}],"collection":[{"href":"https:\/\/www.fca.com.pl\/en\/wp-json\/wp\/v2\/pages"}],"about":[{"href":"https:\/\/www.fca.com.pl\/en\/wp-json\/wp\/v2\/types\/page"}],"author":[{"embeddable":true,"href":"https:\/\/www.fca.com.pl\/en\/wp-json\/wp\/v2\/users\/4"}],"replies":[{"embeddable":true,"href":"https:\/\/www.fca.com.pl\/en\/wp-json\/wp\/v2\/comments?post=11549"}],"version-history":[{"count":46,"href":"https:\/\/www.fca.com.pl\/en\/wp-json\/wp\/v2\/pages\/11549\/revisions"}],"predecessor-version":[{"id":23701,"href":"https:\/\/www.fca.com.pl\/en\/wp-json\/wp\/v2\/pages\/11549\/revisions\/23701"}],"wp:attachment":[{"href":"https:\/\/www.fca.com.pl\/en\/wp-json\/wp\/v2\/media?parent=11549"}],"curies":[{"name":"wp","href":"https:\/\/api.w.org\/{rel}","templated":true}]}}