{"id":11566,"date":"2021-04-12T12:35:52","date_gmt":"2021-04-12T10:35:52","guid":{"rendered":"http:\/\/nova21.szerokopasmowi.home.pl\/s-fb-102-r30-lgx-2-sca\/"},"modified":"2021-04-12T12:35:52","modified_gmt":"2021-04-12T10:35:52","slug":"s-fb-102-r30-lgx-2-sca","status":"publish","type":"page","link":"https:\/\/www.fca.com.pl\/en\/s-fb-102-r30-lgx-2-sca\/","title":{"rendered":"S-FB-102-R30-LGX-2-SCA"},"content":{"rendered":"\t\t<div data-elementor-type=\"wp-page\" data-elementor-id=\"11566\" class=\"elementor elementor-11566 elementor-6901\" data-elementor-post-type=\"page\">\n\t\t\t\t\t\t<section class=\"elementor-section elementor-top-section elementor-element elementor-element-58c26d6 elementor-section-boxed elementor-section-height-default elementor-section-height-default\" data-id=\"58c26d6\" data-element_type=\"section\">\n\t\t\t\t\t\t<div class=\"elementor-container elementor-column-gap-default\">\n\t\t\t\t\t<div class=\"elementor-column elementor-col-100 elementor-top-column elementor-element elementor-element-98ab5cc\" data-id=\"98ab5cc\" data-element_type=\"column\">\n\t\t\t<div class=\"elementor-widget-wrap elementor-element-populated\">\n\t\t\t\t\t\t<div class=\"elementor-element elementor-element-366409e elementor-widget elementor-widget-m2e\" data-id=\"366409e\" data-element_type=\"widget\" data-widget_type=\"m2e.default\">\n\t\t\t\t<div class=\"elementor-widget-container\">\n\t\t\t<section class=\"section section-m-2-ef  section-m-2-e\">\n\t<div class=\"container no-max-width no-padding\">\n\t\t<div class=\"m-2-ef-container m-2-e-container\">\n\t\t\t<div class=\"parallax-container\">                    <div class=\"parallax-window\">\n                        <div class=\"parallax-window-in no-anim\" >\n                        <img fetchpriority=\"high\" decoding=\"async\" width=\"546\" height=\"720\" src=\"https:\/\/www.fca.com.pl\/wp-content\/uploads\/S-FB-102-R30-LGX-2-SCA_calosc-546x720.jpg\" class=\"attachment-medium size-medium\" alt=\"\" srcset=\"https:\/\/www.fca.com.pl\/wp-content\/uploads\/S-FB-102-R30-LGX-2-SCA_calosc-546x720.jpg 546w, https:\/\/www.fca.com.pl\/wp-content\/uploads\/S-FB-102-R30-LGX-2-SCA_calosc-70x92.jpg 70w, https:\/\/www.fca.com.pl\/wp-content\/uploads\/S-FB-102-R30-LGX-2-SCA_calosc-296x390.jpg 296w, https:\/\/www.fca.com.pl\/wp-content\/uploads\/S-FB-102-R30-LGX-2-SCA_calosc.jpg 589w\" sizes=\"(max-width: 546px) 100vw, 546px\" \/>\n                        <\/div>\n                    <\/div>\n<\/div>\t\t\t<div class=\"slider-content\">\n\t\t\t    <div class=\"slider-content-in\">\n\t\t\t\t\t\t\t\t                    <h1 class=\"slider-title h2-text\">\n\t                    S-FB-102-R30-LGX-2-SCA                    <\/h1>\n\t\t\t\t\t\t\t\t\t                    <div class=\"body-medium-text\">\n\t                    <p>2x Sprz\u0119gacz 1\u00d72 FBT, 30\/70, LGX metalowy, 6xSC\/APC<\/p>                    <\/div>\n\t\t\t\t\t\t\t\t\t\t\t\t    <\/div>\n\t\t\t<\/div>\n\t\t\t\t\t<\/div>\n\t<\/div>\n<\/section>\n\t\t<\/div>\n\t\t\t\t<\/div>\n\t\t\t\t<div class=\"elementor-element elementor-element-6f80f1c elementor-widget elementor-widget-people-bio\" data-id=\"6f80f1c\" data-element_type=\"widget\" data-widget_type=\"people-bio.default\">\n\t\t\t\t<div class=\"elementor-widget-container\">\n\t\t\t    <div class=\"bio-module-container\">\n        <div class=\"bio-module-container-outter\">\n            <div class=\"bio-module-container-in\">\n                <div class=\"bio-module-base-info\">\n                    <div class=\"img-container\">\n                        <div class=\"img-container-in\">\n\t\t\t\t\t\t\t<img decoding=\"async\" width=\"480\" height=\"382\" src=\"https:\/\/www.fca.com.pl\/wp-content\/uploads\/Projekt-bez-tytulu-74-480x382.png\" class=\"attachment-thumbnail size-thumbnail\" alt=\"\" \/>                        <\/div>\n                    <\/div>\n                    <div class=\"inf-container\">\n                        <h5 class=\"h5-text name\">Micha\u0142 Szot<\/h5>\n\t                                                <span class=\"job-status bio-text\">Senior Product Manager<\/span>\n\t\t                    \t                                                <div class=\"contact bio-text\"><p>m.szot@fca.com.pl<\/p>\n<p>698 699 752<\/p>\n<p><a href=\"https:\/\/www.linkedin.com\/in\/micha%C5%82-szot-02a640141\/\"><img decoding=\"async\" src=\"https:\/\/www.fca.com.pl\/wp-content\/uploads\/ln.svg\" alt=\"LINKEDIN\" \/><\/a><\/p>\n<\/div>\n\t\t                                        <\/div>\n                <\/div>\n                <div class=\"bio-module-text\">\n\t                                        <h5 class=\"h5-text\">Bio:<\/h5>\n                        <p class=\"bio-text\">\n\t                        Ekspert praktyk z&nbsp;blisko 20-letnim do\u015bwiadczeniem w&nbsp;pracy z&nbsp;produktami \u015bwiat\u0142owodowymi. Odpowiedzialny za wprowadzanie nowych - cz\u0119sto autorskich rozwi\u0105za\u0144 do oferty FCA. W&nbsp;swojej pracy kieruje si\u0119 sumienno\u015bci\u0105 i&nbsp;dba\u0142o\u015bci\u0105 o&nbsp;ka\u017cdy techniczny szczeg\u00f3\u0142. Ch\u0119tnie dzieli si\u0119 swoj\u0105 wiedz\u0105. Wielokrotny prelegent bran\u017cowych konferencji. W&nbsp;FCA opiekuje si\u0119 m.in.: segmentem connectivity: pigtaile, patchcordy, adaptery.                        <\/p>\n\t\t                                <\/div>\n            <\/div>\n        <\/div>\n    <\/div>\n\n\t\t\t<\/div>\n\t\t\t\t<\/div>\n\t\t\t\t\t<\/div>\n\t\t<\/div>\n\t\t\t\t\t<\/div>\n\t\t<\/section>\n\t\t\t\t<\/div>\n\t\t","protected":false},"excerpt":{"rendered":"<p>S-FB-102-R30-LGX-2-SCA 2x Sprz\u0119gacz 1\u00d72 FBT, 30\/70, LGX metalowy, 6xSC\/APC Micha\u0142 Szot Senior Product Manager m.szot@fca.com.pl 698 699 752 &gt; B\u0105d\u017amy w&nbsp;kontakcie na Linkedin &lt;\u00a0<\/p>\n","protected":false},"author":2,"featured_media":0,"parent":0,"menu_order":0,"comment_status":"closed","ping_status":"closed","template":"","meta":{"footnotes":""},"class_list":["post-11566","page","type-page","status-publish","hentry"],"acf":[],"yoast_head":"<!-- This site is optimized with the Yoast SEO plugin v23.9 - https:\/\/yoast.com\/wordpress\/plugins\/seo\/ -->\n<title>S-FB-102-R30-LGX-2-SCA - FCA<\/title>\n<meta name=\"robots\" content=\"index, follow, max-snippet:-1, max-image-preview:large, max-video-preview:-1\" \/>\n<link rel=\"canonical\" href=\"https:\/\/www.fca.com.pl\/en\/s-fb-102-r30-lgx-2-sca\/\" \/>\n<meta property=\"og:locale\" content=\"en_US\" \/>\n<meta property=\"og:type\" content=\"article\" \/>\n<meta property=\"og:title\" content=\"S-FB-102-R30-LGX-2-SCA - FCA\" \/>\n<meta property=\"og:description\" content=\"S-FB-102-R30-LGX-2-SCA 2x Sprz\u0119gacz 1\u00d72 FBT, 30\/70, LGX metalowy, 6xSC\/APC Micha\u0142 Szot Senior Product Manager m.szot@fca.com.pl 698 699 752 &gt; B\u0105d\u017amy w&nbsp;kontakcie na Linkedin &lt;\u00a0\" \/>\n<meta property=\"og:url\" content=\"https:\/\/www.fca.com.pl\/en\/s-fb-102-r30-lgx-2-sca\/\" \/>\n<meta property=\"og:site_name\" content=\"FCA\" \/>\n<meta property=\"article:publisher\" content=\"https:\/\/pl-pl.facebook.com\/OPTYKNABIZNES\/\" \/>\n<meta property=\"og:image\" content=\"https:\/\/fca.uico.pl\/wp-content\/uploads\/S-FB-102-R30-LGX-2-SCA_calosc.jpg\" \/>\n<meta name=\"twitter:card\" content=\"summary_large_image\" \/>\n<script type=\"application\/ld+json\" class=\"yoast-schema-graph\">{\"@context\":\"https:\/\/schema.org\",\"@graph\":[{\"@type\":\"WebPage\",\"@id\":\"https:\/\/www.fca.com.pl\/en\/s-fb-102-r30-lgx-2-sca\/\",\"url\":\"https:\/\/www.fca.com.pl\/en\/s-fb-102-r30-lgx-2-sca\/\",\"name\":\"S-FB-102-R30-LGX-2-SCA - FCA\",\"isPartOf\":{\"@id\":\"https:\/\/www.fca.com.pl\/#website\"},\"primaryImageOfPage\":{\"@id\":\"https:\/\/www.fca.com.pl\/en\/s-fb-102-r30-lgx-2-sca\/#primaryimage\"},\"image\":{\"@id\":\"https:\/\/www.fca.com.pl\/en\/s-fb-102-r30-lgx-2-sca\/#primaryimage\"},\"thumbnailUrl\":\"https:\/\/fca.uico.pl\/wp-content\/uploads\/S-FB-102-R30-LGX-2-SCA_calosc.jpg\",\"datePublished\":\"2021-04-12T10:35:52+00:00\",\"dateModified\":\"2021-04-12T10:35:52+00:00\",\"breadcrumb\":{\"@id\":\"https:\/\/www.fca.com.pl\/en\/s-fb-102-r30-lgx-2-sca\/#breadcrumb\"},\"inLanguage\":\"en-US\",\"potentialAction\":[{\"@type\":\"ReadAction\",\"target\":[\"https:\/\/www.fca.com.pl\/en\/s-fb-102-r30-lgx-2-sca\/\"]}]},{\"@type\":\"ImageObject\",\"inLanguage\":\"en-US\",\"@id\":\"https:\/\/www.fca.com.pl\/en\/s-fb-102-r30-lgx-2-sca\/#primaryimage\",\"url\":\"https:\/\/fca.uico.pl\/wp-content\/uploads\/S-FB-102-R30-LGX-2-SCA_calosc.jpg\",\"contentUrl\":\"https:\/\/fca.uico.pl\/wp-content\/uploads\/S-FB-102-R30-LGX-2-SCA_calosc.jpg\"},{\"@type\":\"BreadcrumbList\",\"@id\":\"https:\/\/www.fca.com.pl\/en\/s-fb-102-r30-lgx-2-sca\/#breadcrumb\",\"itemListElement\":[{\"@type\":\"ListItem\",\"position\":1,\"name\":\"Strona g\u0142\u00f3wna\",\"item\":\"https:\/\/www.fca.com.pl\/en\/\"},{\"@type\":\"ListItem\",\"position\":2,\"name\":\"S-FB-102-R30-LGX-2-SCA\"}]},{\"@type\":\"WebSite\",\"@id\":\"https:\/\/www.fca.com.pl\/#website\",\"url\":\"https:\/\/www.fca.com.pl\/\",\"name\":\"FCA\",\"description\":\"Kolejna witryna oparta na WordPressie\",\"potentialAction\":[{\"@type\":\"SearchAction\",\"target\":{\"@type\":\"EntryPoint\",\"urlTemplate\":\"https:\/\/www.fca.com.pl\/?s={search_term_string}\"},\"query-input\":{\"@type\":\"PropertyValueSpecification\",\"valueRequired\":true,\"valueName\":\"search_term_string\"}}],\"inLanguage\":\"en-US\"}]}<\/script>\n<!-- \/ Yoast SEO plugin. -->","yoast_head_json":{"title":"S-FB-102-R30-LGX-2-SCA - FCA","robots":{"index":"index","follow":"follow","max-snippet":"max-snippet:-1","max-image-preview":"max-image-preview:large","max-video-preview":"max-video-preview:-1"},"canonical":"https:\/\/www.fca.com.pl\/en\/s-fb-102-r30-lgx-2-sca\/","og_locale":"en_US","og_type":"article","og_title":"S-FB-102-R30-LGX-2-SCA - FCA","og_description":"S-FB-102-R30-LGX-2-SCA 2x Sprz\u0119gacz 1\u00d72 FBT, 30\/70, LGX metalowy, 6xSC\/APC Micha\u0142 Szot Senior Product Manager m.szot@fca.com.pl 698 699 752 &gt; B\u0105d\u017amy w&nbsp;kontakcie na Linkedin &lt;\u00a0","og_url":"https:\/\/www.fca.com.pl\/en\/s-fb-102-r30-lgx-2-sca\/","og_site_name":"FCA","article_publisher":"https:\/\/pl-pl.facebook.com\/OPTYKNABIZNES\/","og_image":[{"url":"https:\/\/fca.uico.pl\/wp-content\/uploads\/S-FB-102-R30-LGX-2-SCA_calosc.jpg"}],"twitter_card":"summary_large_image","schema":{"@context":"https:\/\/schema.org","@graph":[{"@type":"WebPage","@id":"https:\/\/www.fca.com.pl\/en\/s-fb-102-r30-lgx-2-sca\/","url":"https:\/\/www.fca.com.pl\/en\/s-fb-102-r30-lgx-2-sca\/","name":"S-FB-102-R30-LGX-2-SCA - FCA","isPartOf":{"@id":"https:\/\/www.fca.com.pl\/#website"},"primaryImageOfPage":{"@id":"https:\/\/www.fca.com.pl\/en\/s-fb-102-r30-lgx-2-sca\/#primaryimage"},"image":{"@id":"https:\/\/www.fca.com.pl\/en\/s-fb-102-r30-lgx-2-sca\/#primaryimage"},"thumbnailUrl":"https:\/\/fca.uico.pl\/wp-content\/uploads\/S-FB-102-R30-LGX-2-SCA_calosc.jpg","datePublished":"2021-04-12T10:35:52+00:00","dateModified":"2021-04-12T10:35:52+00:00","breadcrumb":{"@id":"https:\/\/www.fca.com.pl\/en\/s-fb-102-r30-lgx-2-sca\/#breadcrumb"},"inLanguage":"en-US","potentialAction":[{"@type":"ReadAction","target":["https:\/\/www.fca.com.pl\/en\/s-fb-102-r30-lgx-2-sca\/"]}]},{"@type":"ImageObject","inLanguage":"en-US","@id":"https:\/\/www.fca.com.pl\/en\/s-fb-102-r30-lgx-2-sca\/#primaryimage","url":"https:\/\/fca.uico.pl\/wp-content\/uploads\/S-FB-102-R30-LGX-2-SCA_calosc.jpg","contentUrl":"https:\/\/fca.uico.pl\/wp-content\/uploads\/S-FB-102-R30-LGX-2-SCA_calosc.jpg"},{"@type":"BreadcrumbList","@id":"https:\/\/www.fca.com.pl\/en\/s-fb-102-r30-lgx-2-sca\/#breadcrumb","itemListElement":[{"@type":"ListItem","position":1,"name":"Strona g\u0142\u00f3wna","item":"https:\/\/www.fca.com.pl\/en\/"},{"@type":"ListItem","position":2,"name":"S-FB-102-R30-LGX-2-SCA"}]},{"@type":"WebSite","@id":"https:\/\/www.fca.com.pl\/#website","url":"https:\/\/www.fca.com.pl\/","name":"FCA","description":"Kolejna witryna oparta na WordPressie","potentialAction":[{"@type":"SearchAction","target":{"@type":"EntryPoint","urlTemplate":"https:\/\/www.fca.com.pl\/?s={search_term_string}"},"query-input":{"@type":"PropertyValueSpecification","valueRequired":true,"valueName":"search_term_string"}}],"inLanguage":"en-US"}]}},"_links":{"self":[{"href":"https:\/\/www.fca.com.pl\/en\/wp-json\/wp\/v2\/pages\/11566","targetHints":{"allow":["GET"]}}],"collection":[{"href":"https:\/\/www.fca.com.pl\/en\/wp-json\/wp\/v2\/pages"}],"about":[{"href":"https:\/\/www.fca.com.pl\/en\/wp-json\/wp\/v2\/types\/page"}],"author":[{"embeddable":true,"href":"https:\/\/www.fca.com.pl\/en\/wp-json\/wp\/v2\/users\/2"}],"replies":[{"embeddable":true,"href":"https:\/\/www.fca.com.pl\/en\/wp-json\/wp\/v2\/comments?post=11566"}],"version-history":[{"count":0,"href":"https:\/\/www.fca.com.pl\/en\/wp-json\/wp\/v2\/pages\/11566\/revisions"}],"wp:attachment":[{"href":"https:\/\/www.fca.com.pl\/en\/wp-json\/wp\/v2\/media?parent=11566"}],"curies":[{"name":"wp","href":"https:\/\/api.w.org\/{rel}","templated":true}]}}