{"id":11597,"date":"2021-03-30T09:50:59","date_gmt":"2021-03-30T07:50:59","guid":{"rendered":"http:\/\/nova21.szerokopasmowi.home.pl\/profesjonalisci\/specjalista-ds-uzgodnien-zbierania-zgod-warszawa\/"},"modified":"2021-03-30T09:50:59","modified_gmt":"2021-03-30T07:50:59","slug":"specjalista-ds-uzgodnien-zbierania-zgod-warszawa","status":"publish","type":"page","link":"https:\/\/www.fca.com.pl\/en\/profesjonalisci\/specjalista-ds-uzgodnien-zbierania-zgod-warszawa\/","title":{"rendered":"Specjalista ds. uzgodnie\u0144\/zbierania zg\u00f3d"},"content":{"rendered":"<p>Do Naszej sp\u00f3\u0142ki Network For Future S.A. kt\u00f3ra z pasj\u0105 realizuj\u0105 najbardziej zaawansowane projekty \u015bwiat\u0142owodowe w Polsce, poszukujemy<strong> Specjalist\u0119 ds. uzgodnie\u0144\/zbierania zg\u00f3d<\/strong><\/p>\n","protected":false},"excerpt":{"rendered":"<p>Do Naszej sp\u00f3\u0142ki Network For Future S.A. kt\u00f3ra z pasj\u0105 realizuj\u0105 najbardziej zaawansowane projekty \u015bwiat\u0142owodowe w Polsce, poszukujemy Specjalist\u0119 ds. uzgodnie\u0144\/zbierania zg\u00f3d<\/p>\n","protected":false},"author":9,"featured_media":0,"parent":11561,"menu_order":1,"comment_status":"closed","ping_status":"closed","template":"rrs-kariera-profesjonalisci_ogloszenie.php","meta":{"footnotes":""},"class_list":["post-11597","page","type-page","status-publish","hentry"],"acf":[],"yoast_head":"<!-- This site is optimized with the Yoast SEO plugin v23.9 - https:\/\/yoast.com\/wordpress\/plugins\/seo\/ -->\n<title>Specjalista ds. uzgodnie\u0144\/zbierania zg\u00f3d - FCA<\/title>\n<meta name=\"robots\" content=\"index, follow, max-snippet:-1, max-image-preview:large, max-video-preview:-1\" \/>\n<link rel=\"canonical\" href=\"https:\/\/www.fca.com.pl\/en\/profesjonalisci\/specjalista-ds-uzgodnien-zbierania-zgod-warszawa\/\" \/>\n<meta property=\"og:locale\" content=\"en_US\" \/>\n<meta property=\"og:type\" content=\"article\" \/>\n<meta property=\"og:title\" content=\"Specjalista ds. uzgodnie\u0144\/zbierania zg\u00f3d - FCA\" \/>\n<meta property=\"og:description\" content=\"Do Naszej sp\u00f3\u0142ki Network For Future S.A. kt\u00f3ra z pasj\u0105 realizuj\u0105 najbardziej zaawansowane projekty \u015bwiat\u0142owodowe w Polsce, poszukujemy Specjalist\u0119 ds. uzgodnie\u0144\/zbierania zg\u00f3d\" \/>\n<meta property=\"og:url\" content=\"https:\/\/www.fca.com.pl\/en\/profesjonalisci\/specjalista-ds-uzgodnien-zbierania-zgod-warszawa\/\" \/>\n<meta property=\"og:site_name\" content=\"FCA\" \/>\n<meta property=\"article:publisher\" content=\"https:\/\/pl-pl.facebook.com\/OPTYKNABIZNES\/\" \/>\n<meta property=\"og:image\" content=\"https:\/\/www.fca.com.pl\/wp-content\/uploads\/Linkedin-Nowa-strona.png\" \/>\n\t<meta property=\"og:image:width\" content=\"940\" \/>\n\t<meta property=\"og:image:height\" content=\"788\" \/>\n\t<meta property=\"og:image:type\" content=\"image\/png\" \/>\n<meta name=\"twitter:card\" content=\"summary_large_image\" \/>\n<script type=\"application\/ld+json\" class=\"yoast-schema-graph\">{\"@context\":\"https:\/\/schema.org\",\"@graph\":[{\"@type\":\"WebPage\",\"@id\":\"https:\/\/www.fca.com.pl\/en\/profesjonalisci\/specjalista-ds-uzgodnien-zbierania-zgod-warszawa\/\",\"url\":\"https:\/\/www.fca.com.pl\/en\/profesjonalisci\/specjalista-ds-uzgodnien-zbierania-zgod-warszawa\/\",\"name\":\"Specjalista ds. uzgodnie\u0144\/zbierania zg\u00f3d - FCA\",\"isPartOf\":{\"@id\":\"https:\/\/www.fca.com.pl\/#website\"},\"datePublished\":\"2021-03-30T07:50:59+00:00\",\"dateModified\":\"2021-03-30T07:50:59+00:00\",\"breadcrumb\":{\"@id\":\"https:\/\/www.fca.com.pl\/en\/profesjonalisci\/specjalista-ds-uzgodnien-zbierania-zgod-warszawa\/#breadcrumb\"},\"inLanguage\":\"en-US\",\"potentialAction\":[{\"@type\":\"ReadAction\",\"target\":[\"https:\/\/www.fca.com.pl\/en\/profesjonalisci\/specjalista-ds-uzgodnien-zbierania-zgod-warszawa\/\"]}]},{\"@type\":\"BreadcrumbList\",\"@id\":\"https:\/\/www.fca.com.pl\/en\/profesjonalisci\/specjalista-ds-uzgodnien-zbierania-zgod-warszawa\/#breadcrumb\",\"itemListElement\":[{\"@type\":\"ListItem\",\"position\":1,\"name\":\"Strona g\u0142\u00f3wna\",\"item\":\"https:\/\/www.fca.com.pl\/en\/\"},{\"@type\":\"ListItem\",\"position\":2,\"name\":\"Profesjonali\u015bci\",\"item\":\"https:\/\/www.fca.com.pl\/en\/profesjonalisci\/\"},{\"@type\":\"ListItem\",\"position\":3,\"name\":\"Specjalista ds. uzgodnie\u0144\/zbierania zg\u00f3d\"}]},{\"@type\":\"WebSite\",\"@id\":\"https:\/\/www.fca.com.pl\/#website\",\"url\":\"https:\/\/www.fca.com.pl\/\",\"name\":\"FCA\",\"description\":\"Kolejna witryna oparta na WordPressie\",\"potentialAction\":[{\"@type\":\"SearchAction\",\"target\":{\"@type\":\"EntryPoint\",\"urlTemplate\":\"https:\/\/www.fca.com.pl\/?s={search_term_string}\"},\"query-input\":{\"@type\":\"PropertyValueSpecification\",\"valueRequired\":true,\"valueName\":\"search_term_string\"}}],\"inLanguage\":\"en-US\"}]}<\/script>\n<!-- \/ Yoast SEO plugin. -->","yoast_head_json":{"title":"Specjalista ds. uzgodnie\u0144\/zbierania zg\u00f3d - FCA","robots":{"index":"index","follow":"follow","max-snippet":"max-snippet:-1","max-image-preview":"max-image-preview:large","max-video-preview":"max-video-preview:-1"},"canonical":"https:\/\/www.fca.com.pl\/en\/profesjonalisci\/specjalista-ds-uzgodnien-zbierania-zgod-warszawa\/","og_locale":"en_US","og_type":"article","og_title":"Specjalista ds. uzgodnie\u0144\/zbierania zg\u00f3d - FCA","og_description":"Do Naszej sp\u00f3\u0142ki Network For Future S.A. kt\u00f3ra z pasj\u0105 realizuj\u0105 najbardziej zaawansowane projekty \u015bwiat\u0142owodowe w Polsce, poszukujemy Specjalist\u0119 ds. uzgodnie\u0144\/zbierania zg\u00f3d","og_url":"https:\/\/www.fca.com.pl\/en\/profesjonalisci\/specjalista-ds-uzgodnien-zbierania-zgod-warszawa\/","og_site_name":"FCA","article_publisher":"https:\/\/pl-pl.facebook.com\/OPTYKNABIZNES\/","og_image":[{"width":940,"height":788,"url":"https:\/\/www.fca.com.pl\/wp-content\/uploads\/Linkedin-Nowa-strona.png","type":"image\/png"}],"twitter_card":"summary_large_image","schema":{"@context":"https:\/\/schema.org","@graph":[{"@type":"WebPage","@id":"https:\/\/www.fca.com.pl\/en\/profesjonalisci\/specjalista-ds-uzgodnien-zbierania-zgod-warszawa\/","url":"https:\/\/www.fca.com.pl\/en\/profesjonalisci\/specjalista-ds-uzgodnien-zbierania-zgod-warszawa\/","name":"Specjalista ds. uzgodnie\u0144\/zbierania zg\u00f3d - FCA","isPartOf":{"@id":"https:\/\/www.fca.com.pl\/#website"},"datePublished":"2021-03-30T07:50:59+00:00","dateModified":"2021-03-30T07:50:59+00:00","breadcrumb":{"@id":"https:\/\/www.fca.com.pl\/en\/profesjonalisci\/specjalista-ds-uzgodnien-zbierania-zgod-warszawa\/#breadcrumb"},"inLanguage":"en-US","potentialAction":[{"@type":"ReadAction","target":["https:\/\/www.fca.com.pl\/en\/profesjonalisci\/specjalista-ds-uzgodnien-zbierania-zgod-warszawa\/"]}]},{"@type":"BreadcrumbList","@id":"https:\/\/www.fca.com.pl\/en\/profesjonalisci\/specjalista-ds-uzgodnien-zbierania-zgod-warszawa\/#breadcrumb","itemListElement":[{"@type":"ListItem","position":1,"name":"Strona g\u0142\u00f3wna","item":"https:\/\/www.fca.com.pl\/en\/"},{"@type":"ListItem","position":2,"name":"Profesjonali\u015bci","item":"https:\/\/www.fca.com.pl\/en\/profesjonalisci\/"},{"@type":"ListItem","position":3,"name":"Specjalista ds. uzgodnie\u0144\/zbierania zg\u00f3d"}]},{"@type":"WebSite","@id":"https:\/\/www.fca.com.pl\/#website","url":"https:\/\/www.fca.com.pl\/","name":"FCA","description":"Kolejna witryna oparta na WordPressie","potentialAction":[{"@type":"SearchAction","target":{"@type":"EntryPoint","urlTemplate":"https:\/\/www.fca.com.pl\/?s={search_term_string}"},"query-input":{"@type":"PropertyValueSpecification","valueRequired":true,"valueName":"search_term_string"}}],"inLanguage":"en-US"}]}},"_links":{"self":[{"href":"https:\/\/www.fca.com.pl\/en\/wp-json\/wp\/v2\/pages\/11597","targetHints":{"allow":["GET"]}}],"collection":[{"href":"https:\/\/www.fca.com.pl\/en\/wp-json\/wp\/v2\/pages"}],"about":[{"href":"https:\/\/www.fca.com.pl\/en\/wp-json\/wp\/v2\/types\/page"}],"author":[{"embeddable":true,"href":"https:\/\/www.fca.com.pl\/en\/wp-json\/wp\/v2\/users\/9"}],"replies":[{"embeddable":true,"href":"https:\/\/www.fca.com.pl\/en\/wp-json\/wp\/v2\/comments?post=11597"}],"version-history":[{"count":0,"href":"https:\/\/www.fca.com.pl\/en\/wp-json\/wp\/v2\/pages\/11597\/revisions"}],"up":[{"embeddable":true,"href":"https:\/\/www.fca.com.pl\/en\/wp-json\/wp\/v2\/pages\/11561"}],"wp:attachment":[{"href":"https:\/\/www.fca.com.pl\/en\/wp-json\/wp\/v2\/media?parent=11597"}],"curies":[{"name":"wp","href":"https:\/\/api.w.org\/{rel}","templated":true}]}}