{"id":16954,"date":"2021-10-17T12:25:06","date_gmt":"2021-10-17T10:25:06","guid":{"rendered":"https:\/\/www.fca.com.pl\/?page_id=16954"},"modified":"2023-08-01T11:27:13","modified_gmt":"2023-08-01T09:27:13","slug":"producer","status":"publish","type":"page","link":"https:\/\/www.fca.com.pl\/en\/producer\/","title":{"rendered":"Manufacturer"},"content":{"rendered":"\t\t<div data-elementor-type=\"wp-page\" data-elementor-id=\"16954\" class=\"elementor elementor-16954 elementor-16777\" data-elementor-post-type=\"page\">\n\t\t\t\t\t\t<section class=\"elementor-section elementor-top-section elementor-element elementor-element-f234fcc elementor-section-boxed elementor-section-height-default elementor-section-height-default\" data-id=\"f234fcc\" data-element_type=\"section\">\n\t\t\t\t\t\t<div class=\"elementor-container elementor-column-gap-default\">\n\t\t\t\t\t<div class=\"elementor-column elementor-col-100 elementor-top-column elementor-element elementor-element-9471ff7\" data-id=\"9471ff7\" data-element_type=\"column\">\n\t\t\t<div class=\"elementor-widget-wrap\">\n\t\t\t\t\t\t\t<\/div>\n\t\t<\/div>\n\t\t\t\t\t<\/div>\n\t\t<\/section>\n\t\t\t\t<section class=\"elementor-section elementor-top-section elementor-element elementor-element-068dc57 elementor-section-boxed elementor-section-height-default elementor-section-height-default\" data-id=\"068dc57\" data-element_type=\"section\">\n\t\t\t\t\t\t<div class=\"elementor-container elementor-column-gap-default\">\n\t\t\t\t\t<div class=\"elementor-column elementor-col-100 elementor-top-column elementor-element elementor-element-a4680b1\" data-id=\"a4680b1\" data-element_type=\"column\">\n\t\t\t<div class=\"elementor-widget-wrap elementor-element-populated\">\n\t\t\t\t\t\t<div class=\"elementor-element elementor-element-2fe0a29 elementor-widget elementor-widget-m2e\" data-id=\"2fe0a29\" data-element_type=\"widget\" data-widget_type=\"m2e.default\">\n\t\t\t\t<div class=\"elementor-widget-container\">\n\t\t\t<section class=\"section section-m-2-ef  section-m-2-e\">\n\t<div class=\"container no-max-width no-padding\">\n\t\t<div class=\"m-2-ef-container m-2-e-container\">\n\t\t\t<div class=\"parallax-container\">                    <div class=\"parallax-window\">\n                        <div class=\"parallax-window-in no-anim\" >\n                        <img fetchpriority=\"high\" decoding=\"async\" width=\"1280\" height=\"768\" src=\"https:\/\/www.fca.com.pl\/wp-content\/uploads\/Projekt-bez-tytulu-2022-04-26T133340.305-1280x768.png\" class=\"attachment-medium size-medium\" alt=\"\" srcset=\"https:\/\/www.fca.com.pl\/wp-content\/uploads\/Projekt-bez-tytulu-2022-04-26T133340.305-1280x768.png 1280w, https:\/\/www.fca.com.pl\/wp-content\/uploads\/Projekt-bez-tytulu-2022-04-26T133340.305-768x461.png 768w, https:\/\/www.fca.com.pl\/wp-content\/uploads\/Projekt-bez-tytulu-2022-04-26T133340.305-153x92.png 153w, https:\/\/www.fca.com.pl\/wp-content\/uploads\/Projekt-bez-tytulu-2022-04-26T133340.305-460x276.png 460w, https:\/\/www.fca.com.pl\/wp-content\/uploads\/Projekt-bez-tytulu-2022-04-26T133340.305.png 1500w\" sizes=\"(max-width: 1280px) 100vw, 1280px\" \/>\n                        <\/div>\n                    <\/div>\n<\/div>\t\t\t<div class=\"slider-content\">\n\t\t\t    <div class=\"slider-content-in\">\n\t\t\t\t\t\t\t\t                    <h1 class=\"slider-title h2-text\">\n\t                    Manufacturer of fibre optic solutions                    <\/h1>\n\t\t\t\t\t\t\t\t\t                    <div class=\"body-medium-text\">\n\t                    <p>We have our own modern production plant, R&amp;D and business development department and a&nbsp;fibre optic laboratory.\u00a0We carry out individual projects, create DWG drawings. We make modifications to the customer's existing systems.<\/p>                    <\/div>\n\t\t\t\t\t\t\t\t\t\t\t\t    <\/div>\n\t\t\t<\/div>\n\t\t\t\t\t<\/div>\n\t<\/div>\n<\/section>\n\t\t<\/div>\n\t\t\t\t<\/div>\n\t\t\t\t\t<\/div>\n\t\t<\/div>\n\t\t\t\t\t<\/div>\n\t\t<\/section>\n\t\t\t\t<section class=\"elementor-section elementor-top-section elementor-element elementor-element-7a7d6db elementor-section-boxed elementor-section-height-default elementor-section-height-default\" data-id=\"7a7d6db\" data-element_type=\"section\">\n\t\t\t\t\t\t<div class=\"elementor-container elementor-column-gap-default\">\n\t\t\t\t\t<div class=\"elementor-column elementor-col-100 elementor-top-column elementor-element elementor-element-59de810\" data-id=\"59de810\" data-element_type=\"column\">\n\t\t\t<div class=\"elementor-widget-wrap elementor-element-populated\">\n\t\t\t\t\t\t<div class=\"elementor-element elementor-element-4e00c39 elementor-widget elementor-widget-m2e\" data-id=\"4e00c39\" data-element_type=\"widget\" data-widget_type=\"m2e.default\">\n\t\t\t\t<div class=\"elementor-widget-container\">\n\t\t\t<section class=\"section section-m-2-ef  section-m-2-f\">\n\t<div class=\"container no-max-width no-padding\">\n\t\t<div class=\"m-2-ef-container m-2-f-container\">\n\t\t\t\t\t\t<div class=\"slider-content\">\n\t\t\t    <div class=\"slider-content-in\">\n\t\t\t\t\t\t\t\t                    <h1 class=\"slider-title h2-text\">\n\t                    Quality and safety first                     <\/h1>\n\t\t\t\t\t\t\t\t\t                    <div class=\"body-medium-text\">\n\t                    <p>Products manufactured at the FCA production plant undergo thorough verification with a&nbsp;proprietary quality control system. We carry out tests of active equipment in a&nbsp;modern IT laboratory.\u00a0We pack the goods and ensure their safe transport.\u00a0\u00a0<\/p>                    <\/div>\n\t\t\t\t\t\t\t\t\t                        <a href=\"https:\/\/www.fca.com.pl\/en\/quality-policy\/\" class=\"button button-text-img button-type-2\">\n\t\t\t\t\t\t\t                                <span>See quality certifications<\/span>\n\t\t\t\t\t\t\t\t                            <img decoding=\"async\" src=\"https:\/\/www.fca.com.pl\/wp-content\/themes\/fca\/img\/arrow-right-blue.svg\" alt=\"\">\n                        <\/a>\n\t\t\t\t\t\t\t\t\t    <\/div>\n\t\t\t<\/div>\n\t\t\t<div class=\"parallax-container\">                    <div class=\"parallax-window\">\n                        <div class=\"parallax-window-in no-anim\" >\n                        <img decoding=\"async\" width=\"1280\" height=\"768\" src=\"https:\/\/www.fca.com.pl\/wp-content\/uploads\/Projekt-bez-tytulu-2022-04-26T133155.360-1280x768.png\" class=\"attachment-medium size-medium\" alt=\"\" srcset=\"https:\/\/www.fca.com.pl\/wp-content\/uploads\/Projekt-bez-tytulu-2022-04-26T133155.360-1280x768.png 1280w, https:\/\/www.fca.com.pl\/wp-content\/uploads\/Projekt-bez-tytulu-2022-04-26T133155.360-768x461.png 768w, https:\/\/www.fca.com.pl\/wp-content\/uploads\/Projekt-bez-tytulu-2022-04-26T133155.360-153x92.png 153w, https:\/\/www.fca.com.pl\/wp-content\/uploads\/Projekt-bez-tytulu-2022-04-26T133155.360-460x276.png 460w, https:\/\/www.fca.com.pl\/wp-content\/uploads\/Projekt-bez-tytulu-2022-04-26T133155.360.png 1500w\" sizes=\"(max-width: 1280px) 100vw, 1280px\" \/>\n                        <\/div>\n                    <\/div>\n<\/div>\t\t<\/div>\n\t<\/div>\n<\/section>\n\t\t<\/div>\n\t\t\t\t<\/div>\n\t\t\t\t<div class=\"elementor-element elementor-element-b700092 elementor-widget elementor-widget-m2g\" data-id=\"b700092\" data-element_type=\"widget\" data-widget_type=\"m2g.default\">\n\t\t\t\t<div class=\"elementor-widget-container\">\n\t\t\t<section class=\"section section-m-2-g\">\n\t<div class=\"container container-type-2\">\n\t\t<div class=\"m-2-g-outter\">\n\t\t\t\t\t\t\t\t\t\t<div class=\"m-2-g-grid type-1\">\n\t\t\t\t\t\t\t\t\t\t\t<div class=\"el\">\n\t\t\t\t\t\t\t                                <div class=\"img-div\">\n\t\t                            <img decoding=\"async\" width=\"1\" height=\"1\" src=\"https:\/\/www.fca.com.pl\/wp-content\/uploads\/Key-1.svg\" class=\"attachment-m2g size-m2g\" alt=\"\" \/>                                <\/div>\n\t                            \t\t\t\t\t\t\t\t<h5 class=\"el-title\">\n\t\t\t\t\t\t\t\t\tFull customisation \t\t\t\t\t\t\t\t<\/h5>\n\t\t\t\t\t\t\t\t\t\t\t\t\t\t\t\t\t\t\t\t\t\t\t<p class=\"body-small-text\">\n\t\t\t\t\t\t\t\t\tWe adapt to individual customer needs, creating products in sizes, colours and functionalities dedicated to the project.  \t\t\t\t\t\t\t\t<\/p>\n\t\t\t\t\t\t\t\t\t\t\t\t\t\t<\/div>\n\t\t\t\t\t\t\t\t\t\t\t\t<div class=\"el\">\n\t\t\t\t\t\t\t                                <div class=\"img-div\">\n\t\t                            <img loading=\"lazy\" decoding=\"async\" width=\"1\" height=\"1\" src=\"https:\/\/www.fca.com.pl\/wp-content\/uploads\/Brain-1.svg\" class=\"attachment-m2g size-m2g\" alt=\"\" \/>                                <\/div>\n\t                            \t\t\t\t\t\t\t\t<h5 class=\"el-title\">\n\t\t\t\t\t\t\t\t\tProprietary solutions\t\t\t\t\t\t\t\t<\/h5>\n\t\t\t\t\t\t\t\t\t\t\t\t\t\t\t\t\t\t\t\t\t\t\t<p class=\"body-small-text\">\n\t\t\t\t\t\t\t\t\tBased on the know-how of our engineers, we develop innovative solutions that meet the latest market trends.  \t\t\t\t\t\t\t\t<\/p>\n\t\t\t\t\t\t\t\t\t\t\t\t\t\t<\/div>\n\t\t\t\t\t\t\t\t\t\t\t\t<div class=\"el\">\n\t\t\t\t\t\t\t                                <div class=\"img-div\">\n\t\t                            <img loading=\"lazy\" decoding=\"async\" width=\"1\" height=\"1\" src=\"https:\/\/www.fca.com.pl\/wp-content\/uploads\/Like-1.svg\" class=\"attachment-m2g size-m2g\" alt=\"\" \/>                                <\/div>\n\t                            \t\t\t\t\t\t\t\t<h5 class=\"el-title\">\n\t\t\t\t\t\t\t\t\tLogistics partner\t\t\t\t\t\t\t\t<\/h5>\n\t\t\t\t\t\t\t\t\t\t\t\t\t\t\t\t\t\t\t\t\t\t\t<p class=\"body-small-text\">\n\t\t\t\t\t\t\t\t\tWe guarantee an efficient and cost-effective flow of raw materials and products (logistics centre - Niepo\u0142omice, warehouse in \u0141\u00f3d\u017a and elevated warehouses). The warehouse is equipped with consignment warehouses. \t\t\t\t\t\t\t\t<\/p>\n\t\t\t\t\t\t\t\t\t\t\t\t\t\t<\/div>\n\t\t\t\t\t\t\t\t\t\t<\/div>\n\t\t\t\t\t\t<\/div>\n\t<\/div>\n<\/section>\n\t\t<\/div>\n\t\t\t\t<\/div>\n\t\t\t\t\t<\/div>\n\t\t<\/div>\n\t\t\t\t\t<\/div>\n\t\t<\/section>\n\t\t\t\t<section class=\"elementor-section elementor-top-section elementor-element elementor-element-83308e4 elementor-section-boxed elementor-section-height-default elementor-section-height-default\" data-id=\"83308e4\" data-element_type=\"section\">\n\t\t\t\t\t\t<div class=\"elementor-container elementor-column-gap-default\">\n\t\t\t\t\t<div class=\"elementor-column elementor-col-100 elementor-top-column elementor-element elementor-element-bd23568\" data-id=\"bd23568\" data-element_type=\"column\">\n\t\t\t<div class=\"elementor-widget-wrap elementor-element-populated\">\n\t\t\t\t\t\t<div class=\"elementor-element elementor-element-e43925b elementor-widget elementor-widget-m2e\" data-id=\"e43925b\" data-element_type=\"widget\" data-widget_type=\"m2e.default\">\n\t\t\t\t<div class=\"elementor-widget-container\">\n\t\t\t<section class=\"section section-m-2-ef  section-m-2-e\">\n\t<div class=\"container no-max-width no-padding\">\n\t\t<div class=\"m-2-ef-container m-2-e-container\">\n\t\t\t<div class=\"parallax-container\">                    <div class=\"parallax-window\">\n                        <div class=\"parallax-window-in no-anim\" >\n                        <img loading=\"lazy\" decoding=\"async\" width=\"1280\" height=\"853\" src=\"https:\/\/www.fca.com.pl\/wp-content\/uploads\/Iwaszko-fotografia-biznesowa-FCA-167-1-1280x853.jpg\" class=\"attachment-medium size-medium\" alt=\"\" srcset=\"https:\/\/www.fca.com.pl\/wp-content\/uploads\/Iwaszko-fotografia-biznesowa-FCA-167-1-1280x853.jpg 1280w, https:\/\/www.fca.com.pl\/wp-content\/uploads\/Iwaszko-fotografia-biznesowa-FCA-167-1-768x512.jpg 768w, https:\/\/www.fca.com.pl\/wp-content\/uploads\/Iwaszko-fotografia-biznesowa-FCA-167-1-1536x1024.jpg 1536w, https:\/\/www.fca.com.pl\/wp-content\/uploads\/Iwaszko-fotografia-biznesowa-FCA-167-1-2048x1365.jpg 2048w, https:\/\/www.fca.com.pl\/wp-content\/uploads\/Iwaszko-fotografia-biznesowa-FCA-167-1-138x92.jpg 138w, https:\/\/www.fca.com.pl\/wp-content\/uploads\/Iwaszko-fotografia-biznesowa-FCA-167-1-460x307.jpg 460w\" sizes=\"(max-width: 1280px) 100vw, 1280px\" \/>\n                        <\/div>\n                    <\/div>\n<\/div>\t\t\t<div class=\"slider-content\">\n\t\t\t    <div class=\"slider-content-in\">\n\t\t\t\t\t\t\t\t                    <h1 class=\"slider-title h2-text\">\n\t                    Practical knowledge at your fingertips                     <\/h1>\n\t\t\t\t\t\t\t\t\t                    <div class=\"body-medium-text\">\n\t                    <p>After-sales support includes not only one-to-one project discussions but also widely available materials that make the installers' and designers' work easier. Our engineers share their knowledge through instructional videos, workshops and webinars, and industry-focused articles. They make it easier for you to recognise your needs and work with the products we offer, and the installation process runs quickly and smoothly.\u00a0\u00a0<\/p><p>\u00a0<\/p>                    <\/div>\n\t\t\t\t\t\t\t\t\t                        <a href=\"https:\/\/www.fca.com.pl\/en\/knowledge-base\/\" class=\"button button-text-img button-type-2\">\n\t\t\t\t\t\t\t                                <span>Visit our knowledge base!<\/span>\n\t\t\t\t\t\t\t\t                            <img decoding=\"async\" src=\"https:\/\/www.fca.com.pl\/wp-content\/themes\/fca\/img\/arrow-right-blue.svg\" alt=\"\">\n                        <\/a>\n\t\t\t\t\t\t\t\t\t    <\/div>\n\t\t\t<\/div>\n\t\t\t\t\t<\/div>\n\t<\/div>\n<\/section>\n\t\t<\/div>\n\t\t\t\t<\/div>\n\t\t\t\t\t<\/div>\n\t\t<\/div>\n\t\t\t\t\t<\/div>\n\t\t<\/section>\n\t\t\t\t<section class=\"elementor-section elementor-top-section elementor-element elementor-element-4d53cb9 elementor-section-boxed elementor-section-height-default elementor-section-height-default\" data-id=\"4d53cb9\" data-element_type=\"section\">\n\t\t\t\t\t\t<div class=\"elementor-container elementor-column-gap-default\">\n\t\t\t\t\t<div class=\"elementor-column elementor-col-100 elementor-top-column elementor-element elementor-element-585adf5\" data-id=\"585adf5\" data-element_type=\"column\">\n\t\t\t<div class=\"elementor-widget-wrap elementor-element-populated\">\n\t\t\t\t\t\t<div class=\"elementor-element elementor-element-6fa734f elementor-widget elementor-widget-m2d\" data-id=\"6fa734f\" data-element_type=\"widget\" data-widget_type=\"m2d.default\">\n\t\t\t\t<div class=\"elementor-widget-container\">\n\t\t\t<section class=\"section section-m-2-d\">\n\t<div class=\"container\">\n\t\t<div class=\"m-2-d-top-container\">\n\t\t\t\t\t\t                <span class=\"h2-text\">Need customised solutions? <\/span>\n\t\t\t\t\t\t\t                <div class=\"body-medium-text\"><p>You have come to the right place! Contact us and find out what we can offer you.  <\/p>\n<\/div>\n\t\t\t\t\t\t\t                <div class=\"buttons-container\">\n\t                                            <a  href=\"https:\/\/www.fca.com.pl\/en\/kontakt\/\" class=\"button button-text-img button-type-2\">\n\t\t\t\t                                                    <span>Go to the contact page<\/span>\n\t\t\t\t\t                                                <img loading=\"lazy\" decoding=\"async\" src=\"https:\/\/www.fca.com.pl\/wp-content\/themes\/fca\/img\/arrow-right-blue.svg\" width=\"21\" height=\"15\" alt=\"\">\n                            <\/a>\n\t\t\t                                <\/div>\n\t\t\t\t\n\t\t<\/div>\n\t\t\n\t<\/div>\n<\/section>\n\t\t<\/div>\n\t\t\t\t<\/div>\n\t\t\t\t\t<\/div>\n\t\t<\/div>\n\t\t\t\t\t<\/div>\n\t\t<\/section>\n\t\t\t\t<\/div>\n\t\t","protected":false},"excerpt":{"rendered":"<p>Manufacturer of fibre optic solutions We have our own modern production plant, R&amp;D and business development department and a&nbsp;fibre optic laboratory.\u00a0We carry out individual projects, create DWG drawings. We make modifications to the customer&#8217;s existing systems. Quality and safety first Products manufactured at the FCA production plant undergo thorough verification with a&nbsp;proprietary quality control system. [&hellip;]<\/p>\n","protected":false},"author":2,"featured_media":0,"parent":0,"menu_order":0,"comment_status":"closed","ping_status":"closed","template":"","meta":{"footnotes":""},"class_list":["post-16954","page","type-page","status-publish","hentry"],"acf":[],"yoast_head":"<!-- This site is optimized with the Yoast SEO plugin v23.9 - https:\/\/yoast.com\/wordpress\/plugins\/seo\/ -->\n<title>Manufacturer - FCA<\/title>\n<meta name=\"robots\" content=\"index, follow, max-snippet:-1, max-image-preview:large, max-video-preview:-1\" \/>\n<link rel=\"canonical\" href=\"https:\/\/www.fca.com.pl\/producent\/\" \/>\n<meta property=\"og:locale\" content=\"en_US\" \/>\n<meta property=\"og:type\" content=\"article\" \/>\n<meta property=\"og:title\" content=\"Manufacturer - FCA\" \/>\n<meta property=\"og:description\" content=\"Manufacturer of fibre optic solutions We have our own modern production plant, R&amp;D and business development department and a&nbsp;fibre optic laboratory.\u00a0We carry out individual projects, create DWG drawings. We make modifications to the customer&#8217;s existing systems. Quality and safety first Products manufactured at the FCA production plant undergo thorough verification with a&nbsp;proprietary quality control system. [&hellip;]\" \/>\n<meta property=\"og:url\" content=\"https:\/\/www.fca.com.pl\/producent\/\" \/>\n<meta property=\"og:site_name\" content=\"FCA\" \/>\n<meta property=\"article:publisher\" content=\"https:\/\/pl-pl.facebook.com\/OPTYKNABIZNES\/\" \/>\n<meta property=\"article:modified_time\" content=\"2023-08-01T09:27:13+00:00\" \/>\n<meta property=\"og:image\" content=\"https:\/\/www.fca.com.pl\/wp-content\/uploads\/Projekt-bez-tytulu-2022-04-26T133340.305-1280x768.png\" \/>\n<meta name=\"twitter:card\" content=\"summary_large_image\" \/>\n<meta name=\"twitter:label1\" content=\"Est. reading time\" \/>\n\t<meta name=\"twitter:data1\" content=\"3 minutes\" \/>\n<script type=\"application\/ld+json\" class=\"yoast-schema-graph\">{\"@context\":\"https:\/\/schema.org\",\"@graph\":[{\"@type\":\"WebPage\",\"@id\":\"https:\/\/www.fca.com.pl\/producent\/\",\"url\":\"https:\/\/www.fca.com.pl\/producent\/\",\"name\":\"Manufacturer - FCA\",\"isPartOf\":{\"@id\":\"https:\/\/www.fca.com.pl\/#website\"},\"primaryImageOfPage\":{\"@id\":\"https:\/\/www.fca.com.pl\/producent\/#primaryimage\"},\"image\":{\"@id\":\"https:\/\/www.fca.com.pl\/producent\/#primaryimage\"},\"thumbnailUrl\":\"https:\/\/www.fca.com.pl\/wp-content\/uploads\/Projekt-bez-tytulu-2022-04-26T133340.305-1280x768.png\",\"datePublished\":\"2021-10-17T10:25:06+00:00\",\"dateModified\":\"2023-08-01T09:27:13+00:00\",\"breadcrumb\":{\"@id\":\"https:\/\/www.fca.com.pl\/producent\/#breadcrumb\"},\"inLanguage\":\"en-US\",\"potentialAction\":[{\"@type\":\"ReadAction\",\"target\":[\"https:\/\/www.fca.com.pl\/producent\/\"]}]},{\"@type\":\"ImageObject\",\"inLanguage\":\"en-US\",\"@id\":\"https:\/\/www.fca.com.pl\/producent\/#primaryimage\",\"url\":\"https:\/\/www.fca.com.pl\/wp-content\/uploads\/Projekt-bez-tytulu-2022-04-26T133340.305-1280x768.png\",\"contentUrl\":\"https:\/\/www.fca.com.pl\/wp-content\/uploads\/Projekt-bez-tytulu-2022-04-26T133340.305-1280x768.png\"},{\"@type\":\"BreadcrumbList\",\"@id\":\"https:\/\/www.fca.com.pl\/producent\/#breadcrumb\",\"itemListElement\":[{\"@type\":\"ListItem\",\"position\":1,\"name\":\"Strona g\u0142\u00f3wna\",\"item\":\"https:\/\/www.fca.com.pl\/en\/\"},{\"@type\":\"ListItem\",\"position\":2,\"name\":\"Manufacturer\"}]},{\"@type\":\"WebSite\",\"@id\":\"https:\/\/www.fca.com.pl\/#website\",\"url\":\"https:\/\/www.fca.com.pl\/\",\"name\":\"FCA\",\"description\":\"Kolejna witryna oparta na WordPressie\",\"potentialAction\":[{\"@type\":\"SearchAction\",\"target\":{\"@type\":\"EntryPoint\",\"urlTemplate\":\"https:\/\/www.fca.com.pl\/?s={search_term_string}\"},\"query-input\":{\"@type\":\"PropertyValueSpecification\",\"valueRequired\":true,\"valueName\":\"search_term_string\"}}],\"inLanguage\":\"en-US\"}]}<\/script>\n<!-- \/ Yoast SEO plugin. -->","yoast_head_json":{"title":"Manufacturer - FCA","robots":{"index":"index","follow":"follow","max-snippet":"max-snippet:-1","max-image-preview":"max-image-preview:large","max-video-preview":"max-video-preview:-1"},"canonical":"https:\/\/www.fca.com.pl\/producent\/","og_locale":"en_US","og_type":"article","og_title":"Manufacturer - FCA","og_description":"Manufacturer of fibre optic solutions We have our own modern production plant, R&amp;D and business development department and a&nbsp;fibre optic laboratory.\u00a0We carry out individual projects, create DWG drawings. We make modifications to the customer&#8217;s existing systems. Quality and safety first Products manufactured at the FCA production plant undergo thorough verification with a&nbsp;proprietary quality control system. [&hellip;]","og_url":"https:\/\/www.fca.com.pl\/producent\/","og_site_name":"FCA","article_publisher":"https:\/\/pl-pl.facebook.com\/OPTYKNABIZNES\/","article_modified_time":"2023-08-01T09:27:13+00:00","og_image":[{"url":"https:\/\/www.fca.com.pl\/wp-content\/uploads\/Projekt-bez-tytulu-2022-04-26T133340.305-1280x768.png"}],"twitter_card":"summary_large_image","twitter_misc":{"Est. reading time":"3 minutes"},"schema":{"@context":"https:\/\/schema.org","@graph":[{"@type":"WebPage","@id":"https:\/\/www.fca.com.pl\/producent\/","url":"https:\/\/www.fca.com.pl\/producent\/","name":"Manufacturer - FCA","isPartOf":{"@id":"https:\/\/www.fca.com.pl\/#website"},"primaryImageOfPage":{"@id":"https:\/\/www.fca.com.pl\/producent\/#primaryimage"},"image":{"@id":"https:\/\/www.fca.com.pl\/producent\/#primaryimage"},"thumbnailUrl":"https:\/\/www.fca.com.pl\/wp-content\/uploads\/Projekt-bez-tytulu-2022-04-26T133340.305-1280x768.png","datePublished":"2021-10-17T10:25:06+00:00","dateModified":"2023-08-01T09:27:13+00:00","breadcrumb":{"@id":"https:\/\/www.fca.com.pl\/producent\/#breadcrumb"},"inLanguage":"en-US","potentialAction":[{"@type":"ReadAction","target":["https:\/\/www.fca.com.pl\/producent\/"]}]},{"@type":"ImageObject","inLanguage":"en-US","@id":"https:\/\/www.fca.com.pl\/producent\/#primaryimage","url":"https:\/\/www.fca.com.pl\/wp-content\/uploads\/Projekt-bez-tytulu-2022-04-26T133340.305-1280x768.png","contentUrl":"https:\/\/www.fca.com.pl\/wp-content\/uploads\/Projekt-bez-tytulu-2022-04-26T133340.305-1280x768.png"},{"@type":"BreadcrumbList","@id":"https:\/\/www.fca.com.pl\/producent\/#breadcrumb","itemListElement":[{"@type":"ListItem","position":1,"name":"Strona g\u0142\u00f3wna","item":"https:\/\/www.fca.com.pl\/en\/"},{"@type":"ListItem","position":2,"name":"Manufacturer"}]},{"@type":"WebSite","@id":"https:\/\/www.fca.com.pl\/#website","url":"https:\/\/www.fca.com.pl\/","name":"FCA","description":"Kolejna witryna oparta na WordPressie","potentialAction":[{"@type":"SearchAction","target":{"@type":"EntryPoint","urlTemplate":"https:\/\/www.fca.com.pl\/?s={search_term_string}"},"query-input":{"@type":"PropertyValueSpecification","valueRequired":true,"valueName":"search_term_string"}}],"inLanguage":"en-US"}]}},"_links":{"self":[{"href":"https:\/\/www.fca.com.pl\/en\/wp-json\/wp\/v2\/pages\/16954","targetHints":{"allow":["GET"]}}],"collection":[{"href":"https:\/\/www.fca.com.pl\/en\/wp-json\/wp\/v2\/pages"}],"about":[{"href":"https:\/\/www.fca.com.pl\/en\/wp-json\/wp\/v2\/types\/page"}],"author":[{"embeddable":true,"href":"https:\/\/www.fca.com.pl\/en\/wp-json\/wp\/v2\/users\/2"}],"replies":[{"embeddable":true,"href":"https:\/\/www.fca.com.pl\/en\/wp-json\/wp\/v2\/comments?post=16954"}],"version-history":[{"count":23,"href":"https:\/\/www.fca.com.pl\/en\/wp-json\/wp\/v2\/pages\/16954\/revisions"}],"predecessor-version":[{"id":34516,"href":"https:\/\/www.fca.com.pl\/en\/wp-json\/wp\/v2\/pages\/16954\/revisions\/34516"}],"wp:attachment":[{"href":"https:\/\/www.fca.com.pl\/en\/wp-json\/wp\/v2\/media?parent=16954"}],"curies":[{"name":"wp","href":"https:\/\/api.w.org\/{rel}","templated":true}]}}