{"id":28313,"date":"2022-10-18T14:37:42","date_gmt":"2022-10-18T12:37:42","guid":{"rendered":"https:\/\/www.fca.com.pl\/?page_id=28313"},"modified":"2022-10-18T14:38:09","modified_gmt":"2022-10-18T12:38:09","slug":"dtr-nodco","status":"publish","type":"page","link":"https:\/\/www.fca.com.pl\/en\/dtr-nodco\/","title":{"rendered":"DTR NODCO"},"content":{"rendered":"\t\t<div data-elementor-type=\"wp-page\" data-elementor-id=\"28313\" class=\"elementor elementor-28313 elementor-20812\" data-elementor-post-type=\"page\">\n\t\t\t\t\t\t<section class=\"elementor-section elementor-top-section elementor-element elementor-element-184da63 elementor-section-boxed elementor-section-height-default elementor-section-height-default\" data-id=\"184da63\" data-element_type=\"section\">\n\t\t\t\t\t\t<div class=\"elementor-container elementor-column-gap-default\">\n\t\t\t\t\t<div class=\"elementor-column elementor-col-100 elementor-top-column elementor-element elementor-element-0579aab\" data-id=\"0579aab\" data-element_type=\"column\">\n\t\t\t<div class=\"elementor-widget-wrap elementor-element-populated\">\n\t\t\t\t\t\t<div class=\"elementor-element elementor-element-c8a0e7d elementor-widget elementor-widget-text-editor\" data-id=\"c8a0e7d\" data-element_type=\"widget\" data-widget_type=\"text-editor.default\">\n\t\t\t\t<div class=\"elementor-widget-container\">\n\t\t\t\t\t\t\t<div class=\"elementor-text-editor elementor-clearfix\"><h2>NODCO<\/h2><\/div>\t\t\t\t\t\t<\/div>\n\t\t\t\t<\/div>\n\t\t\t\t\t<\/div>\n\t\t<\/div>\n\t\t\t\t\t<\/div>\n\t\t<\/section>\n\t\t\t\t<section class=\"elementor-section elementor-top-section elementor-element elementor-element-d877b6e elementor-section-boxed elementor-section-height-default elementor-section-height-default\" data-id=\"d877b6e\" data-element_type=\"section\">\n\t\t\t\t\t\t<div class=\"elementor-container elementor-column-gap-default\">\n\t\t\t\t\t<div class=\"elementor-column elementor-col-50 elementor-top-column elementor-element elementor-element-f6aa5ea\" data-id=\"f6aa5ea\" data-element_type=\"column\">\n\t\t\t<div class=\"elementor-widget-wrap elementor-element-populated\">\n\t\t\t\t\t\t<div class=\"elementor-element elementor-element-beb941f elementor-widget elementor-widget-m2d\" data-id=\"beb941f\" data-element_type=\"widget\" data-widget_type=\"m2d.default\">\n\t\t\t\t<div class=\"elementor-widget-container\">\n\t\t\t<section class=\"section section-m-2-d\">\n\t<div class=\"container\">\n\t\t<div class=\"m-2-d-top-container\">\n\t\t\t                <span class=\"block-text\">kLIKNIJ W&nbsp;PRZYCISK  I&nbsp;<\/span>\n\t\t\t\t\t\t\t                <span class=\"h2-text\">POBIERZ INSTRUKCJ\u0118 MONTA\u017bOW\u0104<\/span>\n\t\t\t\t\t\t\t\t\t\t                <div class=\"buttons-container\">\n\t                                            <a  href=\"http:\/\/fcagrupa.com.pl\/ftp\/NODCO\/FCA_NODCO_DTR_PL_ENG.pdf\" class=\"button button-text-img button-type-2\">\n\t\t\t\t                                                    <span>Pobieram dokument<\/span>\n\t\t\t\t\t                                                <img decoding=\"async\" src=\"https:\/\/www.fca.com.pl\/wp-content\/themes\/fca\/img\/arrow-right-blue.svg\" width=\"21\" height=\"15\" alt=\"\">\n                            <\/a>\n\t\t\t                                <\/div>\n\t\t\t\t\n\t\t<\/div>\n\t\t\n\t<\/div>\n<\/section>\n\t\t<\/div>\n\t\t\t\t<\/div>\n\t\t\t\t\t<\/div>\n\t\t<\/div>\n\t\t\t\t<div class=\"elementor-column elementor-col-50 elementor-top-column elementor-element elementor-element-4b1b413\" data-id=\"4b1b413\" data-element_type=\"column\">\n\t\t\t<div class=\"elementor-widget-wrap elementor-element-populated\">\n\t\t\t\t\t\t<div class=\"elementor-element elementor-element-fc0a9f9 elementor-widget elementor-widget-m2d\" data-id=\"fc0a9f9\" data-element_type=\"widget\" data-widget_type=\"m2d.default\">\n\t\t\t\t<div class=\"elementor-widget-container\">\n\t\t\t<section class=\"section section-m-2-d\">\n\t<div class=\"container\">\n\t\t<div class=\"m-2-d-top-container\">\n\t\t\t                <span class=\"block-text\">Click the button and<\/span>\n\t\t\t\t\t\t\t                <span class=\"h2-text\">DOWNLOAD ASSEMBLY INSTRUCTION<\/span>\n\t\t\t\t\t\t\t\t\t\t                <div class=\"buttons-container\">\n\t                                            <a  href=\"http:\/\/fcagrupa.com.pl\/ftp\/NODCO\/FCA_NODCO_DTR_PL_ENG.pdf\" class=\"button button-text-img button-type-2\">\n\t\t\t\t                                                    <span>Download document<\/span>\n\t\t\t\t\t                                                <img decoding=\"async\" src=\"https:\/\/www.fca.com.pl\/wp-content\/themes\/fca\/img\/arrow-right-blue.svg\" width=\"21\" height=\"15\" alt=\"\">\n                            <\/a>\n\t\t\t                                <\/div>\n\t\t\t\t\n\t\t<\/div>\n\t\t\n\t<\/div>\n<\/section>\n\t\t<\/div>\n\t\t\t\t<\/div>\n\t\t\t\t\t<\/div>\n\t\t<\/div>\n\t\t\t\t\t<\/div>\n\t\t<\/section>\n\t\t\t\t<\/div>\n\t\t","protected":false},"excerpt":{"rendered":"<p>NODCO kLIKNIJ W&nbsp;PRZYCISK I&nbsp; POBIERZ INSTRUKCJ\u0118 MONTA\u017bOW\u0104 Pobieram dokument Click the button and DOWNLOAD ASSEMBLY INSTRUCTION Download document<\/p>\n","protected":false},"author":2,"featured_media":0,"parent":0,"menu_order":0,"comment_status":"closed","ping_status":"closed","template":"","meta":{"footnotes":""},"class_list":["post-28313","page","type-page","status-publish","hentry"],"acf":[],"yoast_head":"<!-- This site is optimized with the Yoast SEO plugin v27.5 - https:\/\/yoast.com\/product\/yoast-seo-wordpress\/ -->\n<title>DTR NODCO - FCA<\/title>\n<meta name=\"robots\" content=\"index, follow, max-snippet:-1, max-image-preview:large, max-video-preview:-1\" \/>\n<link rel=\"canonical\" href=\"https:\/\/www.fca.com.pl\/en\/dtr-nodco\/\" \/>\n<meta property=\"og:locale\" content=\"en_US\" \/>\n<meta property=\"og:type\" content=\"article\" \/>\n<meta property=\"og:title\" content=\"DTR NODCO - FCA\" \/>\n<meta property=\"og:description\" content=\"NODCO kLIKNIJ W&nbsp;PRZYCISK I&nbsp; POBIERZ INSTRUKCJ\u0118 MONTA\u017bOW\u0104 Pobieram dokument Click the button and DOWNLOAD ASSEMBLY INSTRUCTION Download document\" \/>\n<meta property=\"og:url\" content=\"https:\/\/www.fca.com.pl\/en\/dtr-nodco\/\" \/>\n<meta property=\"og:site_name\" content=\"FCA\" \/>\n<meta property=\"article:publisher\" content=\"https:\/\/pl-pl.facebook.com\/OPTYKNABIZNES\/\" \/>\n<meta property=\"article:modified_time\" content=\"2022-10-18T12:38:09+00:00\" \/>\n<meta property=\"og:image\" content=\"https:\/\/www.fca.com.pl\/wp-content\/themes\/fca\/img\/arrow-right-blue.svg\" \/>\n<meta name=\"twitter:card\" content=\"summary_large_image\" \/>\n<meta name=\"twitter:label1\" content=\"Est. reading time\" \/>\n\t<meta name=\"twitter:data1\" content=\"1 minute\" \/>\n<script type=\"application\/ld+json\" class=\"yoast-schema-graph\">{\"@context\":\"https:\\\/\\\/schema.org\",\"@graph\":[{\"@type\":\"WebPage\",\"@id\":\"https:\\\/\\\/www.fca.com.pl\\\/en\\\/dtr-nodco\\\/\",\"url\":\"https:\\\/\\\/www.fca.com.pl\\\/en\\\/dtr-nodco\\\/\",\"name\":\"DTR NODCO - FCA\",\"isPartOf\":{\"@id\":\"https:\\\/\\\/www.fca.com.pl\\\/#website\"},\"primaryImageOfPage\":{\"@id\":\"https:\\\/\\\/www.fca.com.pl\\\/en\\\/dtr-nodco\\\/#primaryimage\"},\"image\":{\"@id\":\"https:\\\/\\\/www.fca.com.pl\\\/en\\\/dtr-nodco\\\/#primaryimage\"},\"thumbnailUrl\":\"https:\\\/\\\/www.fca.com.pl\\\/wp-content\\\/themes\\\/fca\\\/img\\\/arrow-right-blue.svg\",\"datePublished\":\"2022-10-18T12:37:42+00:00\",\"dateModified\":\"2022-10-18T12:38:09+00:00\",\"breadcrumb\":{\"@id\":\"https:\\\/\\\/www.fca.com.pl\\\/en\\\/dtr-nodco\\\/#breadcrumb\"},\"inLanguage\":\"en-US\",\"potentialAction\":[{\"@type\":\"ReadAction\",\"target\":[\"https:\\\/\\\/www.fca.com.pl\\\/en\\\/dtr-nodco\\\/\"]}]},{\"@type\":\"ImageObject\",\"inLanguage\":\"en-US\",\"@id\":\"https:\\\/\\\/www.fca.com.pl\\\/en\\\/dtr-nodco\\\/#primaryimage\",\"url\":\"https:\\\/\\\/www.fca.com.pl\\\/wp-content\\\/themes\\\/fca\\\/img\\\/arrow-right-blue.svg\",\"contentUrl\":\"https:\\\/\\\/www.fca.com.pl\\\/wp-content\\\/themes\\\/fca\\\/img\\\/arrow-right-blue.svg\"},{\"@type\":\"BreadcrumbList\",\"@id\":\"https:\\\/\\\/www.fca.com.pl\\\/en\\\/dtr-nodco\\\/#breadcrumb\",\"itemListElement\":[{\"@type\":\"ListItem\",\"position\":1,\"name\":\"Strona g\u0142\u00f3wna\",\"item\":\"https:\\\/\\\/www.fca.com.pl\\\/en\\\/\"},{\"@type\":\"ListItem\",\"position\":2,\"name\":\"DTR NODCO\"}]},{\"@type\":\"WebSite\",\"@id\":\"https:\\\/\\\/www.fca.com.pl\\\/#website\",\"url\":\"https:\\\/\\\/www.fca.com.pl\\\/\",\"name\":\"FCA\",\"description\":\"Kolejna witryna oparta na WordPressie\",\"potentialAction\":[{\"@type\":\"SearchAction\",\"target\":{\"@type\":\"EntryPoint\",\"urlTemplate\":\"https:\\\/\\\/www.fca.com.pl\\\/?s={search_term_string}\"},\"query-input\":{\"@type\":\"PropertyValueSpecification\",\"valueRequired\":true,\"valueName\":\"search_term_string\"}}],\"inLanguage\":\"en-US\"}]}<\/script>\n<!-- \/ Yoast SEO plugin. -->","yoast_head_json":{"title":"DTR NODCO - FCA","robots":{"index":"index","follow":"follow","max-snippet":"max-snippet:-1","max-image-preview":"max-image-preview:large","max-video-preview":"max-video-preview:-1"},"canonical":"https:\/\/www.fca.com.pl\/en\/dtr-nodco\/","og_locale":"en_US","og_type":"article","og_title":"DTR NODCO - FCA","og_description":"NODCO kLIKNIJ W&nbsp;PRZYCISK I&nbsp; POBIERZ INSTRUKCJ\u0118 MONTA\u017bOW\u0104 Pobieram dokument Click the button and DOWNLOAD ASSEMBLY INSTRUCTION Download document","og_url":"https:\/\/www.fca.com.pl\/en\/dtr-nodco\/","og_site_name":"FCA","article_publisher":"https:\/\/pl-pl.facebook.com\/OPTYKNABIZNES\/","article_modified_time":"2022-10-18T12:38:09+00:00","og_image":[{"url":"https:\/\/www.fca.com.pl\/wp-content\/themes\/fca\/img\/arrow-right-blue.svg","type":"","width":"","height":""}],"twitter_card":"summary_large_image","twitter_misc":{"Est. reading time":"1 minute"},"schema":{"@context":"https:\/\/schema.org","@graph":[{"@type":"WebPage","@id":"https:\/\/www.fca.com.pl\/en\/dtr-nodco\/","url":"https:\/\/www.fca.com.pl\/en\/dtr-nodco\/","name":"DTR NODCO - FCA","isPartOf":{"@id":"https:\/\/www.fca.com.pl\/#website"},"primaryImageOfPage":{"@id":"https:\/\/www.fca.com.pl\/en\/dtr-nodco\/#primaryimage"},"image":{"@id":"https:\/\/www.fca.com.pl\/en\/dtr-nodco\/#primaryimage"},"thumbnailUrl":"https:\/\/www.fca.com.pl\/wp-content\/themes\/fca\/img\/arrow-right-blue.svg","datePublished":"2022-10-18T12:37:42+00:00","dateModified":"2022-10-18T12:38:09+00:00","breadcrumb":{"@id":"https:\/\/www.fca.com.pl\/en\/dtr-nodco\/#breadcrumb"},"inLanguage":"en-US","potentialAction":[{"@type":"ReadAction","target":["https:\/\/www.fca.com.pl\/en\/dtr-nodco\/"]}]},{"@type":"ImageObject","inLanguage":"en-US","@id":"https:\/\/www.fca.com.pl\/en\/dtr-nodco\/#primaryimage","url":"https:\/\/www.fca.com.pl\/wp-content\/themes\/fca\/img\/arrow-right-blue.svg","contentUrl":"https:\/\/www.fca.com.pl\/wp-content\/themes\/fca\/img\/arrow-right-blue.svg"},{"@type":"BreadcrumbList","@id":"https:\/\/www.fca.com.pl\/en\/dtr-nodco\/#breadcrumb","itemListElement":[{"@type":"ListItem","position":1,"name":"Strona g\u0142\u00f3wna","item":"https:\/\/www.fca.com.pl\/en\/"},{"@type":"ListItem","position":2,"name":"DTR NODCO"}]},{"@type":"WebSite","@id":"https:\/\/www.fca.com.pl\/#website","url":"https:\/\/www.fca.com.pl\/","name":"FCA","description":"Kolejna witryna oparta na WordPressie","potentialAction":[{"@type":"SearchAction","target":{"@type":"EntryPoint","urlTemplate":"https:\/\/www.fca.com.pl\/?s={search_term_string}"},"query-input":{"@type":"PropertyValueSpecification","valueRequired":true,"valueName":"search_term_string"}}],"inLanguage":"en-US"}]}},"_links":{"self":[{"href":"https:\/\/www.fca.com.pl\/en\/wp-json\/wp\/v2\/pages\/28313","targetHints":{"allow":["GET"]}}],"collection":[{"href":"https:\/\/www.fca.com.pl\/en\/wp-json\/wp\/v2\/pages"}],"about":[{"href":"https:\/\/www.fca.com.pl\/en\/wp-json\/wp\/v2\/types\/page"}],"author":[{"embeddable":true,"href":"https:\/\/www.fca.com.pl\/en\/wp-json\/wp\/v2\/users\/2"}],"replies":[{"embeddable":true,"href":"https:\/\/www.fca.com.pl\/en\/wp-json\/wp\/v2\/comments?post=28313"}],"version-history":[{"count":4,"href":"https:\/\/www.fca.com.pl\/en\/wp-json\/wp\/v2\/pages\/28313\/revisions"}],"predecessor-version":[{"id":28317,"href":"https:\/\/www.fca.com.pl\/en\/wp-json\/wp\/v2\/pages\/28313\/revisions\/28317"}],"wp:attachment":[{"href":"https:\/\/www.fca.com.pl\/en\/wp-json\/wp\/v2\/media?parent=28313"}],"curies":[{"name":"wp","href":"https:\/\/api.w.org\/{rel}","templated":true}]}}