{"id":32765,"date":"2023-05-30T09:52:50","date_gmt":"2023-05-30T07:52:50","guid":{"rendered":"https:\/\/www.fca.com.pl\/?page_id=32765"},"modified":"2023-05-30T10:11:08","modified_gmt":"2023-05-30T08:11:08","slug":"adss-cable-ctb-subscriber-set-multimode-patchcord-products","status":"publish","type":"page","link":"https:\/\/www.fca.com.pl\/en\/adss-cable-ctb-subscriber-set-multimode-patchcord-products\/","title":{"rendered":"ADSS cable, CTB Subscriber set, Multimode patchcord &#8211; products"},"content":{"rendered":"\t\t<div data-elementor-type=\"wp-page\" data-elementor-id=\"32765\" class=\"elementor elementor-32765 elementor-32764\" data-elementor-post-type=\"page\">\n\t\t\t\t\t\t<section class=\"elementor-section elementor-top-section elementor-element elementor-element-9f7b970 elementor-section-boxed elementor-section-height-default elementor-section-height-default\" data-id=\"9f7b970\" data-element_type=\"section\">\n\t\t\t\t\t\t<div class=\"elementor-container elementor-column-gap-default\">\n\t\t\t\t\t<div class=\"elementor-column elementor-col-100 elementor-top-column elementor-element elementor-element-acc4283\" data-id=\"acc4283\" data-element_type=\"column\">\n\t\t\t<div class=\"elementor-widget-wrap elementor-element-populated\">\n\t\t\t\t\t\t<div class=\"elementor-element elementor-element-14cfc5a elementor-widget elementor-widget-m2d\" data-id=\"14cfc5a\" data-element_type=\"widget\" data-widget_type=\"m2d.default\">\n\t\t\t\t<div class=\"elementor-widget-container\">\n\t\t\t<section class=\"section section-m-2-d\">\n\t<div class=\"container\">\n\t\t<div class=\"m-2-d-top-container\">\n\t\t\t                <span class=\"block-text\">Special offer<\/span>\n\t\t\t\t\t\t\t                <span class=\"h2-text\">ADSS cable<\/span>\n\t\t\t\t\t\t\t\t\t\t\n\t\t<\/div>\n\t\t\n\t<\/div>\n<\/section>\n\t\t<\/div>\n\t\t\t\t<\/div>\n\t\t\t\t\t<\/div>\n\t\t<\/div>\n\t\t\t\t\t<\/div>\n\t\t<\/section>\n\t\t\t\t<section class=\"elementor-section elementor-top-section elementor-element elementor-element-5705d54 elementor-section-boxed elementor-section-height-default elementor-section-height-default\" data-id=\"5705d54\" data-element_type=\"section\">\n\t\t\t\t\t\t<div class=\"elementor-container elementor-column-gap-default\">\n\t\t\t\t\t<div class=\"elementor-column elementor-col-100 elementor-top-column elementor-element elementor-element-47dabe8\" data-id=\"47dabe8\" data-element_type=\"column\">\n\t\t\t<div class=\"elementor-widget-wrap elementor-element-populated\">\n\t\t\t\t\t\t<div class=\"elementor-element elementor-element-ce2d393 elementor-widget elementor-widget-firm-data\" data-id=\"ce2d393\" data-element_type=\"widget\" data-widget_type=\"firm-data.default\">\n\t\t\t\t<div class=\"elementor-widget-container\">\n\t\t\t    <section class=\"firm-data\">\n        <div class=\"container\">\n\t\t\t\t\t\t                <div class=\"blocks\">\n\t\t\t\t\t                        <div class=\"block body-medium-text\">\n\t\t\t\t\t\t\t<table width=\"994\">\n<tbody>\n<tr>\n<td width=\"64\"><strong>Lp.<\/strong><\/td>\n<td width=\"432\"><strong>Code<\/strong><\/td>\n<td width=\"498\"><strong>Description<\/strong><\/td>\n<\/tr>\n<tr>\n<td>1<\/td>\n<td>FA-LOFC-ADSS-96xA1- 8&#215;12-CC2<\/td>\n<td>Kabel ADSS wielotubowy 96J (8&#215;12), G.657A1<\/td>\n<\/tr>\n<tr>\n<td>2<\/td>\n<td>FA-LOFC-ADSS-12x2D-1&#215;12-CC6 ST<\/td>\n<td>Kabel ADSS wielotubowy 12J (1&#215;12), G.652D<\/td>\n<\/tr>\n<tr>\n<td>3<\/td>\n<td>FA-LOFC-ADSS-12x2D-1&#215;12-CC2<\/td>\n<td>Kabel ADSS wielotubowy 12J (1&#215;12), G.652D<\/td>\n<\/tr>\n<tr>\n<td>4<\/td>\n<td>FA-LOFC-ADSS-144x2D-12&#215;12-CC6 ST<\/td>\n<td>Kabel ADSS wielotubowy 144J, (12&#215;12), G.652D<\/td>\n<\/tr>\n<tr>\n<td>5<\/td>\n<td>FA-LOFC-ADSS-144xA1-12&#215;12-CC2<\/td>\n<td>Kabel ADSS wielotubowy 144J, (12&#215;12), G.657A1<\/td>\n<\/tr>\n<tr>\n<td>6<\/td>\n<td>FA-LOFC-ADSS-24x2D-2&#215;12-CC6 HL<\/td>\n<td>Kabel ADSS wielotubowy 24J (2&#215;12), G.652D<\/td>\n<\/tr>\n<tr>\n<td>7<\/td>\n<td>FA-LOFC-ADSS-48x2D-4&#215;12-CC6 HL<\/td>\n<td>Kabel ADSS wielotubowy 48J (4&#215;12), G.652D<\/td>\n<\/tr>\n<tr>\n<td>8<\/td>\n<td>FA-LOFC-ADSS-48xA1-4&#215;12-CC2 HL<\/td>\n<td>Kabel ADSS wielotubowy 48J (4&#215;12), G.657A1<\/td>\n<\/tr>\n<tr>\n<td>9<\/td>\n<td>FA-LOFC-ADSS-72xA1-6&#215;12-CC2 HL<\/td>\n<td>Kabel ADSS wielotubowy 72J (6&#215;12), G.657A1<\/td>\n<\/tr>\n<\/tbody>\n<\/table>\n                        <\/div>\n\t\t\t\t\t\t                <\/div>\n\t\t\t\t\n        <\/div>\n    <\/section>\n\t\t\t<\/div>\n\t\t\t\t<\/div>\n\t\t\t\t\t<\/div>\n\t\t<\/div>\n\t\t\t\t\t<\/div>\n\t\t<\/section>\n\t\t\t\t<section class=\"elementor-section elementor-top-section elementor-element elementor-element-121c2a0 elementor-section-boxed elementor-section-height-default elementor-section-height-default\" data-id=\"121c2a0\" data-element_type=\"section\">\n\t\t\t\t\t\t<div class=\"elementor-container elementor-column-gap-default\">\n\t\t\t\t\t<div class=\"elementor-column elementor-col-100 elementor-top-column elementor-element elementor-element-f704644\" data-id=\"f704644\" data-element_type=\"column\">\n\t\t\t<div class=\"elementor-widget-wrap elementor-element-populated\">\n\t\t\t\t\t\t<div class=\"elementor-element elementor-element-ae4127e elementor-widget elementor-widget-m2d\" data-id=\"ae4127e\" data-element_type=\"widget\" data-widget_type=\"m2d.default\">\n\t\t\t\t<div class=\"elementor-widget-container\">\n\t\t\t<section class=\"section section-m-2-d\">\n\t<div class=\"container\">\n\t\t<div class=\"m-2-d-top-container\">\n\t\t\t                <span class=\"block-text\">Special offer<\/span>\n\t\t\t\t\t\t\t                <span class=\"h2-text\">CTB subscriber set<\/span>\n\t\t\t\t\t\t\t\t\t\t\n\t\t<\/div>\n\t\t\n\t<\/div>\n<\/section>\n\t\t<\/div>\n\t\t\t\t<\/div>\n\t\t\t\t<div class=\"elementor-element elementor-element-fd68b97 elementor-widget elementor-widget-firm-data\" data-id=\"fd68b97\" data-element_type=\"widget\" data-widget_type=\"firm-data.default\">\n\t\t\t\t<div class=\"elementor-widget-container\">\n\t\t\t    <section class=\"firm-data\">\n        <div class=\"container\">\n\t\t\t\t\t\t                <div class=\"blocks\">\n\t\t\t\t\t                        <div class=\"block body-medium-text\">\n\t\t\t\t\t\t\t<table width=\"1475\">\n<tbody>\n<tr>\n<td width=\"64\"><strong>Lp.<\/strong><\/td>\n<td width=\"432\"><strong>Code<\/strong><\/td>\n<td width=\"979\"><strong>Description<\/strong><\/td>\n<\/tr>\n<tr>\n<td>1<\/td>\n<td>CTB2-A-S-000-SCA-L1- 7A2-2,8-55-WH<\/td>\n<td>Zestaw abonencki &#8211; gniazdo CTB2, adapter SC\/APC z&nbsp;klapk\u0105, pigtail abonencki SC\/APC simplex, SM, Lite, G.657A2 Corning, LSOH, 2,8mm, 55m, bia\u0142y<\/td>\n<\/tr>\n<tr>\n<td>2<\/td>\n<td>CTB2-A-S-000-SCA-L1- 7A2-2,8-35-WH<\/td>\n<td>Zestaw abonencki &#8211; gniazdo CTB2, adapter SC\/APC z&nbsp;klapk\u0105, pigtail abonencki SC\/APC simplex, SM, Lite, G.657A2 Corning, LSOH, 2,8mm, 35m, bia\u0142y<\/td>\n<\/tr>\n<\/tbody>\n<\/table>\n                        <\/div>\n\t\t\t\t\t\t                <\/div>\n\t\t\t\t\n        <\/div>\n    <\/section>\n\t\t\t<\/div>\n\t\t\t\t<\/div>\n\t\t\t\t<div class=\"elementor-element elementor-element-4861113 elementor-widget elementor-widget-m2d\" data-id=\"4861113\" data-element_type=\"widget\" data-widget_type=\"m2d.default\">\n\t\t\t\t<div class=\"elementor-widget-container\">\n\t\t\t<section class=\"section section-m-2-d\">\n\t<div class=\"container\">\n\t\t<div class=\"m-2-d-top-container\">\n\t\t\t                <span class=\"block-text\">Special offer<\/span>\n\t\t\t\t\t\t\t                <span class=\"h2-text\">Multimode patchcord<\/span>\n\t\t\t\t\t\t\t\t\t\t\n\t\t<\/div>\n\t\t\n\t<\/div>\n<\/section>\n\t\t<\/div>\n\t\t\t\t<\/div>\n\t\t\t\t<div class=\"elementor-element elementor-element-3b177b0 elementor-widget elementor-widget-firm-data\" data-id=\"3b177b0\" data-element_type=\"widget\" data-widget_type=\"firm-data.default\">\n\t\t\t\t<div class=\"elementor-widget-container\">\n\t\t\t    <section class=\"firm-data\">\n        <div class=\"container\">\n\t\t\t\t\t\t                <div class=\"blocks\">\n\t\t\t\t\t                        <div class=\"block body-medium-text\">\n\t\t\t\t\t\t\t<table width=\"1475\">\n<tbody>\n<tr>\n<td width=\"64\">Lp.<\/td>\n<td width=\"432\"><strong>Code<\/strong><\/td>\n<td width=\"979\"><strong>Description<\/strong><\/td>\n<\/tr>\n<tr>\n<td>1<\/td>\n<td>\n<p data-ccp-timestamp=\"1685359369747\">CO-D-SC-LC-OM2-2,0-3-OG<\/p>\n<\/td>\n<td>Patchcord duplex, CONNECTICO, SC\/PC-LC\/PC, MM G50\/125 OM2, LSOH, \u015br. 2,0mm, 3m, pomara\u0144czowy<\/td>\n<\/tr>\n<tr>\n<td>2<\/td>\n<td>CO-D-SCP-SCP-OM2-2,0-2-OG<\/td>\n<td>Patchcord duplex, CONNECTICO, SC\/PC-SC\/PC, MM G50\/125 OM2, LSOH, \u015br. 2,0mm, 2m, pomara\u0144czowy<\/td>\n<\/tr>\n<tr>\n<td>3<\/td>\n<td>CO-S12-000-LCP-OM3-0,9-2-COL<\/td>\n<td>Pigtail, CONNECTICO, LC\/PC, MM G50\/125 OM3, LSOH, \u015br. 0,9mm, 2m, zestaw 12-kolor\u00f3w (z\u0142\u0105cza aqua)<\/td>\n<\/tr>\n<tr>\n<td>4<\/td>\n<td>CO-D-SCP-SCP-OM2-2,0-3-OG<\/td>\n<td>Patchcord duplex, CONNECTICO, SC\/PC-SC\/PC, MM G50\/125 OM2, LSOH, \u015br. 2,0mm, 3m, pomara\u0144czowy<\/td>\n<\/tr>\n<tr>\n<td>5<\/td>\n<td>CO-D-LCP-LCP-OM2-2,0-3-OG<\/td>\n<td>Patchcord duplex, CONNECTICO, LC\/PC-LC\/PC, MM G50\/125 OM2, LSOH, \u015br. 2,0mm, 3m, pomara\u0144czowy<\/td>\n<\/tr>\n<tr>\n<td>6<\/td>\n<td>CO-D-SCP-SCP-OM2-2,0-1-OG<\/td>\n<td>Patchcord duplex, CONNECTICO, SC\/PC-SC\/PC, MM G50\/125 OM2, LSOH, \u015br. 2,0mm, 1m, pomara\u0144czowy<\/td>\n<\/tr>\n<tr>\n<td>7<\/td>\n<td>CO-S-000-LCP-OM2-0,9-2-OG<\/td>\n<td>Pigtail, CONNECTICO, LC\/PC, MM G50\/125 OM2, LSOH, \u015br. 0,9mm, 2m, pomara\u0144czowy<\/td>\n<\/tr>\n<tr>\n<td>8<\/td>\n<td>CO-S12-000-SCP-OM3-0,9-2-COL<\/td>\n<td>Pigtail, CONNECTICO, SC\/PC, MM G50\/125 OM3, LSOH, \u015br. 0,9mm, 2m, zestaw 12-kolor\u00f3w (z\u0142\u0105cza aqua)<\/td>\n<\/tr>\n<tr>\n<td>9<\/td>\n<td>CO-D-LCP-LCP-OM2-2,0-5-OG<\/td>\n<td>Patchcord duplex, CONNECTICO, LC\/PC-LC\/PC, MM G50\/125 OM2, LSOH, \u015br. 2,0mm, 5m, pomara\u0144czowy<\/td>\n<\/tr>\n<tr>\n<td>10<\/td>\n<td>CO-S-000-LCP-OM2-0,9-1-OG<\/td>\n<td>Pigtail, CONNECTICO, LC\/PC, MM G50\/125 OM2, LSOH, \u015br. 0,9mm, 2m, pomara\u0144czowy<\/td>\n<\/tr>\n<tr>\n<td>11<\/td>\n<td>D-LCP-SCP-L2-OM3-2,0-1,5-TQ-22<\/td>\n<td>Patchcord duplex SC\/PC-LC\/PC, MM, Lite, OM3, 50\/125, LSOH, \u015br. 2,0mm, 1,5m, turkusowy,<\/td>\n<\/tr>\n<tr>\n<td>12<\/td>\n<td>CO-S06-000-LCP-OM3-0,9-2-COL<\/td>\n<td>Pigtail, CONNECTICO, LC\/PC, MM G50\/125 OM3, LSOH, \u015br. 0,9mm, 2m, zestaw 6-kolor\u00f3w (niebieski, pomara\u0144czowy, zielony, br\u0105zowy, szary, bia\u0142y), z\u0142\u0105cza aqua<\/td>\n<\/tr>\n<tr>\n<td>13<\/td>\n<td>CO-D-LCP-SCP-OM2-2,0-5-OG<\/td>\n<td>Patchcord duplex, CONNECTICO, LC\/PC-SC\/PC, MM G50\/125 OM2, LSOH, \u015br. 2,0mm, 5m, pomara\u0144czowy<\/td>\n<\/tr>\n<tr>\n<td>14<\/td>\n<td>CO-S06-000-SCP-OM3-0,9-2-COL<\/td>\n<td>Pigtail, CONNECTICO, SC\/PC, MM G50\/125 OM3, LSOH, \u015br. 0,9mm, 2m, zestaw 6-kolor\u00f3w (niebieski, pomara\u0144czowy, zielony, br\u0105zowy, szary, bia\u0142y), z\u0142\u0105cza aqua<\/td>\n<\/tr>\n<tr>\n<td>15<\/td>\n<td>CO-D-SCP-SCP-OM2-2,0-5-OG<\/td>\n<td>Patchcord duplex, CONNECTICO, SC\/PC-SC\/PC, MM G50\/125 OM2, LSOH, \u015br. 2,0mm, 5m, pomara\u0144czowy<\/td>\n<\/tr>\n<\/tbody>\n<\/table>\n                        <\/div>\n\t\t\t\t\t\t                <\/div>\n\t\t\t\t\n        <\/div>\n    <\/section>\n\t\t\t<\/div>\n\t\t\t\t<\/div>\n\t\t\t\t<div class=\"elementor-element elementor-element-b74db32 elementor-widget elementor-widget-m2d\" data-id=\"b74db32\" data-element_type=\"widget\" data-widget_type=\"m2d.default\">\n\t\t\t\t<div class=\"elementor-widget-container\">\n\t\t\t<section class=\"section section-m-2-d\">\n\t<div class=\"container\">\n\t\t<div class=\"m-2-d-top-container\">\n\t\t\t                <span class=\"block-text\">Products selected?<\/span>\n\t\t\t\t\t\t\t                <span class=\"h2-text\">Go back and fill out the form<\/span>\n\t\t\t\t\t\t\t\t\t\t                <div class=\"buttons-container\">\n\t                                            <a  href=\"https:\/\/www.fca.com.pl\/kabel-adss-zestaw-ctb-patchcord-mm\/\" class=\"button button-text-img button-type-2\">\n\t\t\t\t                                                    <span>Go back<\/span>\n\t\t\t\t\t                                                <img decoding=\"async\" src=\"https:\/\/www.fca.com.pl\/wp-content\/themes\/fca\/img\/arrow-right-blue.svg\" width=\"21\" height=\"15\" alt=\"\">\n                            <\/a>\n\t\t\t                                <\/div>\n\t\t\t\t\n\t\t<\/div>\n\t\t\n\t<\/div>\n<\/section>\n\t\t<\/div>\n\t\t\t\t<\/div>\n\t\t\t\t\t<\/div>\n\t\t<\/div>\n\t\t\t\t\t<\/div>\n\t\t<\/section>\n\t\t\t\t<\/div>\n\t\t","protected":false},"excerpt":{"rendered":"<p>Special offer ADSS cable Lp. Code Description 1 FA-LOFC-ADSS-96xA1- 8&#215;12-CC2 Kabel ADSS wielotubowy 96J (8&#215;12), G.657A1 2 FA-LOFC-ADSS-12x2D-1&#215;12-CC6 ST Kabel ADSS wielotubowy 12J (1&#215;12), G.652D 3 FA-LOFC-ADSS-12x2D-1&#215;12-CC2 Kabel ADSS wielotubowy 12J (1&#215;12), G.652D 4 FA-LOFC-ADSS-144x2D-12&#215;12-CC6 ST Kabel ADSS wielotubowy 144J, (12&#215;12), G.652D 5 FA-LOFC-ADSS-144xA1-12&#215;12-CC2 Kabel ADSS wielotubowy 144J, (12&#215;12), G.657A1 6 FA-LOFC-ADSS-24x2D-2&#215;12-CC6 HL Kabel ADSS [&hellip;]<\/p>\n","protected":false},"author":11,"featured_media":0,"parent":0,"menu_order":0,"comment_status":"closed","ping_status":"closed","template":"","meta":{"footnotes":""},"class_list":["post-32765","page","type-page","status-publish","hentry"],"acf":[],"yoast_head":"<!-- This site is optimized with the Yoast SEO plugin v23.9 - https:\/\/yoast.com\/wordpress\/plugins\/seo\/ -->\n<title>ADSS cable, CTB Subscriber set, Multimode patchcord - products - FCA<\/title>\n<meta name=\"robots\" content=\"index, follow, max-snippet:-1, max-image-preview:large, max-video-preview:-1\" \/>\n<link rel=\"canonical\" href=\"https:\/\/www.fca.com.pl\/en\/adss-cable-ctb-subscriber-set-multimode-patchcord-products\/\" \/>\n<meta property=\"og:locale\" content=\"en_US\" \/>\n<meta property=\"og:type\" content=\"article\" \/>\n<meta property=\"og:title\" content=\"ADSS cable, CTB Subscriber set, Multimode patchcord - products - FCA\" \/>\n<meta property=\"og:description\" content=\"Special offer ADSS cable Lp. Code Description 1 FA-LOFC-ADSS-96xA1- 8&#215;12-CC2 Kabel ADSS wielotubowy 96J (8&#215;12), G.657A1 2 FA-LOFC-ADSS-12x2D-1&#215;12-CC6 ST Kabel ADSS wielotubowy 12J (1&#215;12), G.652D 3 FA-LOFC-ADSS-12x2D-1&#215;12-CC2 Kabel ADSS wielotubowy 12J (1&#215;12), G.652D 4 FA-LOFC-ADSS-144x2D-12&#215;12-CC6 ST Kabel ADSS wielotubowy 144J, (12&#215;12), G.652D 5 FA-LOFC-ADSS-144xA1-12&#215;12-CC2 Kabel ADSS wielotubowy 144J, (12&#215;12), G.657A1 6 FA-LOFC-ADSS-24x2D-2&#215;12-CC6 HL Kabel ADSS [&hellip;]\" \/>\n<meta property=\"og:url\" content=\"https:\/\/www.fca.com.pl\/en\/adss-cable-ctb-subscriber-set-multimode-patchcord-products\/\" \/>\n<meta property=\"og:site_name\" content=\"FCA\" \/>\n<meta property=\"article:publisher\" content=\"https:\/\/pl-pl.facebook.com\/OPTYKNABIZNES\/\" \/>\n<meta property=\"article:modified_time\" content=\"2023-05-30T08:11:08+00:00\" \/>\n<meta property=\"og:image\" content=\"https:\/\/www.fca.com.pl\/wp-content\/themes\/fca\/img\/arrow-right-blue.svg\" \/>\n<meta name=\"twitter:card\" content=\"summary_large_image\" \/>\n<meta name=\"twitter:label1\" content=\"Est. reading time\" \/>\n\t<meta name=\"twitter:data1\" content=\"2 minutes\" \/>\n<script type=\"application\/ld+json\" class=\"yoast-schema-graph\">{\"@context\":\"https:\/\/schema.org\",\"@graph\":[{\"@type\":\"WebPage\",\"@id\":\"https:\/\/www.fca.com.pl\/en\/adss-cable-ctb-subscriber-set-multimode-patchcord-products\/\",\"url\":\"https:\/\/www.fca.com.pl\/en\/adss-cable-ctb-subscriber-set-multimode-patchcord-products\/\",\"name\":\"ADSS cable, CTB Subscriber set, Multimode patchcord - products - FCA\",\"isPartOf\":{\"@id\":\"https:\/\/www.fca.com.pl\/#website\"},\"primaryImageOfPage\":{\"@id\":\"https:\/\/www.fca.com.pl\/en\/adss-cable-ctb-subscriber-set-multimode-patchcord-products\/#primaryimage\"},\"image\":{\"@id\":\"https:\/\/www.fca.com.pl\/en\/adss-cable-ctb-subscriber-set-multimode-patchcord-products\/#primaryimage\"},\"thumbnailUrl\":\"https:\/\/www.fca.com.pl\/wp-content\/themes\/fca\/img\/arrow-right-blue.svg\",\"datePublished\":\"2023-05-30T07:52:50+00:00\",\"dateModified\":\"2023-05-30T08:11:08+00:00\",\"breadcrumb\":{\"@id\":\"https:\/\/www.fca.com.pl\/en\/adss-cable-ctb-subscriber-set-multimode-patchcord-products\/#breadcrumb\"},\"inLanguage\":\"en-US\",\"potentialAction\":[{\"@type\":\"ReadAction\",\"target\":[\"https:\/\/www.fca.com.pl\/en\/adss-cable-ctb-subscriber-set-multimode-patchcord-products\/\"]}]},{\"@type\":\"ImageObject\",\"inLanguage\":\"en-US\",\"@id\":\"https:\/\/www.fca.com.pl\/en\/adss-cable-ctb-subscriber-set-multimode-patchcord-products\/#primaryimage\",\"url\":\"https:\/\/www.fca.com.pl\/wp-content\/themes\/fca\/img\/arrow-right-blue.svg\",\"contentUrl\":\"https:\/\/www.fca.com.pl\/wp-content\/themes\/fca\/img\/arrow-right-blue.svg\"},{\"@type\":\"BreadcrumbList\",\"@id\":\"https:\/\/www.fca.com.pl\/en\/adss-cable-ctb-subscriber-set-multimode-patchcord-products\/#breadcrumb\",\"itemListElement\":[{\"@type\":\"ListItem\",\"position\":1,\"name\":\"Strona g\u0142\u00f3wna\",\"item\":\"https:\/\/www.fca.com.pl\/en\/\"},{\"@type\":\"ListItem\",\"position\":2,\"name\":\"ADSS cable, CTB Subscriber set, Multimode patchcord &#8211; products\"}]},{\"@type\":\"WebSite\",\"@id\":\"https:\/\/www.fca.com.pl\/#website\",\"url\":\"https:\/\/www.fca.com.pl\/\",\"name\":\"FCA\",\"description\":\"Kolejna witryna oparta na WordPressie\",\"potentialAction\":[{\"@type\":\"SearchAction\",\"target\":{\"@type\":\"EntryPoint\",\"urlTemplate\":\"https:\/\/www.fca.com.pl\/?s={search_term_string}\"},\"query-input\":{\"@type\":\"PropertyValueSpecification\",\"valueRequired\":true,\"valueName\":\"search_term_string\"}}],\"inLanguage\":\"en-US\"}]}<\/script>\n<!-- \/ Yoast SEO plugin. -->","yoast_head_json":{"title":"ADSS cable, CTB Subscriber set, Multimode patchcord - products - FCA","robots":{"index":"index","follow":"follow","max-snippet":"max-snippet:-1","max-image-preview":"max-image-preview:large","max-video-preview":"max-video-preview:-1"},"canonical":"https:\/\/www.fca.com.pl\/en\/adss-cable-ctb-subscriber-set-multimode-patchcord-products\/","og_locale":"en_US","og_type":"article","og_title":"ADSS cable, CTB Subscriber set, Multimode patchcord - products - FCA","og_description":"Special offer ADSS cable Lp. Code Description 1 FA-LOFC-ADSS-96xA1- 8&#215;12-CC2 Kabel ADSS wielotubowy 96J (8&#215;12), G.657A1 2 FA-LOFC-ADSS-12x2D-1&#215;12-CC6 ST Kabel ADSS wielotubowy 12J (1&#215;12), G.652D 3 FA-LOFC-ADSS-12x2D-1&#215;12-CC2 Kabel ADSS wielotubowy 12J (1&#215;12), G.652D 4 FA-LOFC-ADSS-144x2D-12&#215;12-CC6 ST Kabel ADSS wielotubowy 144J, (12&#215;12), G.652D 5 FA-LOFC-ADSS-144xA1-12&#215;12-CC2 Kabel ADSS wielotubowy 144J, (12&#215;12), G.657A1 6 FA-LOFC-ADSS-24x2D-2&#215;12-CC6 HL Kabel ADSS [&hellip;]","og_url":"https:\/\/www.fca.com.pl\/en\/adss-cable-ctb-subscriber-set-multimode-patchcord-products\/","og_site_name":"FCA","article_publisher":"https:\/\/pl-pl.facebook.com\/OPTYKNABIZNES\/","article_modified_time":"2023-05-30T08:11:08+00:00","og_image":[{"url":"https:\/\/www.fca.com.pl\/wp-content\/themes\/fca\/img\/arrow-right-blue.svg"}],"twitter_card":"summary_large_image","twitter_misc":{"Est. reading time":"2 minutes"},"schema":{"@context":"https:\/\/schema.org","@graph":[{"@type":"WebPage","@id":"https:\/\/www.fca.com.pl\/en\/adss-cable-ctb-subscriber-set-multimode-patchcord-products\/","url":"https:\/\/www.fca.com.pl\/en\/adss-cable-ctb-subscriber-set-multimode-patchcord-products\/","name":"ADSS cable, CTB Subscriber set, Multimode patchcord - products - FCA","isPartOf":{"@id":"https:\/\/www.fca.com.pl\/#website"},"primaryImageOfPage":{"@id":"https:\/\/www.fca.com.pl\/en\/adss-cable-ctb-subscriber-set-multimode-patchcord-products\/#primaryimage"},"image":{"@id":"https:\/\/www.fca.com.pl\/en\/adss-cable-ctb-subscriber-set-multimode-patchcord-products\/#primaryimage"},"thumbnailUrl":"https:\/\/www.fca.com.pl\/wp-content\/themes\/fca\/img\/arrow-right-blue.svg","datePublished":"2023-05-30T07:52:50+00:00","dateModified":"2023-05-30T08:11:08+00:00","breadcrumb":{"@id":"https:\/\/www.fca.com.pl\/en\/adss-cable-ctb-subscriber-set-multimode-patchcord-products\/#breadcrumb"},"inLanguage":"en-US","potentialAction":[{"@type":"ReadAction","target":["https:\/\/www.fca.com.pl\/en\/adss-cable-ctb-subscriber-set-multimode-patchcord-products\/"]}]},{"@type":"ImageObject","inLanguage":"en-US","@id":"https:\/\/www.fca.com.pl\/en\/adss-cable-ctb-subscriber-set-multimode-patchcord-products\/#primaryimage","url":"https:\/\/www.fca.com.pl\/wp-content\/themes\/fca\/img\/arrow-right-blue.svg","contentUrl":"https:\/\/www.fca.com.pl\/wp-content\/themes\/fca\/img\/arrow-right-blue.svg"},{"@type":"BreadcrumbList","@id":"https:\/\/www.fca.com.pl\/en\/adss-cable-ctb-subscriber-set-multimode-patchcord-products\/#breadcrumb","itemListElement":[{"@type":"ListItem","position":1,"name":"Strona g\u0142\u00f3wna","item":"https:\/\/www.fca.com.pl\/en\/"},{"@type":"ListItem","position":2,"name":"ADSS cable, CTB Subscriber set, Multimode patchcord &#8211; products"}]},{"@type":"WebSite","@id":"https:\/\/www.fca.com.pl\/#website","url":"https:\/\/www.fca.com.pl\/","name":"FCA","description":"Kolejna witryna oparta na WordPressie","potentialAction":[{"@type":"SearchAction","target":{"@type":"EntryPoint","urlTemplate":"https:\/\/www.fca.com.pl\/?s={search_term_string}"},"query-input":{"@type":"PropertyValueSpecification","valueRequired":true,"valueName":"search_term_string"}}],"inLanguage":"en-US"}]}},"_links":{"self":[{"href":"https:\/\/www.fca.com.pl\/en\/wp-json\/wp\/v2\/pages\/32765","targetHints":{"allow":["GET"]}}],"collection":[{"href":"https:\/\/www.fca.com.pl\/en\/wp-json\/wp\/v2\/pages"}],"about":[{"href":"https:\/\/www.fca.com.pl\/en\/wp-json\/wp\/v2\/types\/page"}],"author":[{"embeddable":true,"href":"https:\/\/www.fca.com.pl\/en\/wp-json\/wp\/v2\/users\/11"}],"replies":[{"embeddable":true,"href":"https:\/\/www.fca.com.pl\/en\/wp-json\/wp\/v2\/comments?post=32765"}],"version-history":[{"count":8,"href":"https:\/\/www.fca.com.pl\/en\/wp-json\/wp\/v2\/pages\/32765\/revisions"}],"predecessor-version":[{"id":32808,"href":"https:\/\/www.fca.com.pl\/en\/wp-json\/wp\/v2\/pages\/32765\/revisions\/32808"}],"wp:attachment":[{"href":"https:\/\/www.fca.com.pl\/en\/wp-json\/wp\/v2\/media?parent=32765"}],"curies":[{"name":"wp","href":"https:\/\/api.w.org\/{rel}","templated":true}]}}